{"id":1306,"date":"2025-06-25T13:55:46","date_gmt":"2025-06-25T05:55:46","guid":{"rendered":"https:\/\/simpo-data.com\/?post_type=product&#038;p=1306"},"modified":"2025-08-09T10:05:01","modified_gmt":"2025-08-09T02:05:01","slug":"g10-rugged-tablet","status":"publish","type":"product","link":"https:\/\/simpo-data.com\/de\/produkt\/g10-rugged-tablet\/","title":{"rendered":"G10 Robustes Tablet"},"content":{"rendered":"<table width=\"1040\">\n<tbody>\n<tr>\n<td colspan=\"3\" width=\"1040\">Modell Nr.: G10 Robustes Tablet<\/td>\n<\/tr>\n<tr>\n<td>Artikel<\/td>\n<td colspan=\"2\">Parameter<\/td>\n<\/tr>\n<tr>\n<td width=\"354\">CPU<\/td>\n<td colspan=\"2\" width=\"686\">Interl N5100 (4M Cache, bis zu 2,80 GHz)<\/td>\n<\/tr>\n<tr>\n<td width=\"354\">RAM<\/td>\n<td colspan=\"2\" width=\"686\">8G<\/td>\n<\/tr>\n<tr>\n<td width=\"354\">Festplatte<\/td>\n<td colspan=\"2\" width=\"686\">128G SSD<\/td>\n<\/tr>\n<tr>\n<td width=\"354\">Bildschirm<\/td>\n<td colspan=\"2\" width=\"686\">10,1-Zoll-TFT-LCD-Display, 16:10<\/td>\n<\/tr>\n<tr>\n<td width=\"354\">Aufl\u00f6sung<\/td>\n<td colspan=\"2\" width=\"686\">1280*800,<\/td>\n<\/tr>\n<tr>\n<td width=\"354\">Touchscreen<\/td>\n<td colspan=\"2\" width=\"686\">Kapazitiver 10-Punkt-Touchscreen<\/td>\n<\/tr>\n<tr>\n<td width=\"354\">Kamera (Vorderseite)<\/td>\n<td colspan=\"2\" width=\"686\">5.0MP<\/td>\n<\/tr>\n<tr>\n<td width=\"354\">Kamera (R\u00fcckseite)<\/td>\n<td colspan=\"2\" width=\"686\">8.0MP<\/td>\n<\/tr>\n<tr>\n<td width=\"354\">Scanner<\/td>\n<td colspan=\"2\" width=\"686\">2D-Scanner<\/td>\n<\/tr>\n<tr>\n<td width=\"354\">Sprecher<\/td>\n<td colspan=\"2\" width=\"686\">Eingebauter 8\u03a9\/0,8W Lautsprecher x 2<\/td>\n<\/tr>\n<tr>\n<td width=\"354\">G_sensor<\/td>\n<td colspan=\"2\" width=\"686\">Unterst\u00fctzung<\/td>\n<\/tr>\n<tr>\n<td width=\"354\">Batterie<\/td>\n<td colspan=\"2\" width=\"686\">Lithium-Ionen-Polymer-Akku<\/td>\n<\/tr>\n<tr>\n<td width=\"354\">Batteriekapazit\u00e4t<\/td>\n<td colspan=\"2\" width=\"686\">5000mAH<\/td>\n<\/tr>\n<tr>\n<td width=\"354\">Ausdauer der Batterie<\/td>\n<td colspan=\"2\" width=\"686\">6~8 Stunden<\/td>\n<\/tr>\n<tr>\n<td width=\"354\">OS-Unterst\u00fctzung (NICHT einschlie\u00dflich OS)<\/td>\n<td colspan=\"2\" width=\"686\">Windows 10\/11<\/td>\n<\/tr>\n<tr>\n<td colspan=\"3\">Netzwerk-Verbindungen<\/td>\n<\/tr>\n<tr>\n<td width=\"354\">Wi-Fi<\/td>\n<td colspan=\"2\" width=\"686\">802.11a\/b\/g\/n\/ac 2.4G+5G WiFi<\/td>\n<\/tr>\n<tr>\n<td width=\"354\">Bluetooth<\/td>\n<td colspan=\"2\" width=\"686\">Unterst\u00fctzung, \u00dcbertragungsdistanz: 10m<\/td>\n<\/tr>\n<tr>\n<td width=\"354\">4G<\/td>\n<td colspan=\"2\" width=\"686\">TD-LTE-Modul<\/td>\n<\/tr>\n<tr>\n<td width=\"354\">GNSS<\/td>\n<td colspan=\"2\" width=\"686\">Unterst\u00fctzung von GPS, Glonass<\/td>\n<\/tr>\n<tr>\n<td colspan=\"3\">Konfiguration der Schnittstelle<\/td>\n<\/tr>\n<tr>\n<td width=\"354\">Speicherkartensockel (Externer Speicher)<\/td>\n<td colspan=\"2\" width=\"686\">Micro SD-Karte bis zu 512G<\/td>\n<\/tr>\n<tr>\n<td width=\"354\">USB-Schnittstelle<\/td>\n<td colspan=\"2\" width=\"686\">TYP-C 3.1<\/td>\n<\/tr>\n<tr>\n<td width=\"354\">USB-Schnittstelle<\/td>\n<td colspan=\"2\" width=\"686\">TYP-A 3.0<\/td>\n<\/tr>\n<tr>\n<td width=\"354\">SIM-Karten-Anschluss<\/td>\n<td colspan=\"2\" width=\"686\">Nano-SIM-Kartensockel<\/td>\n<\/tr>\n<tr>\n<td width=\"354\">Kopfh\u00f6reranschluss<\/td>\n<td colspan=\"2\" width=\"686\">\u222e 3,5-mm-Standard-Kopfh\u00f6rerbuchse<\/td>\n<\/tr>\n<tr>\n<td width=\"354\">Gleichstromanschluss<\/td>\n<td colspan=\"2\" width=\"686\">12PIN Pogo Pin<\/td>\n<\/tr>\n<tr>\n<td width=\"354\">HDMI-Schnittstelle<\/td>\n<td colspan=\"2\" width=\"686\">Mini-HDMI 2.0a<\/td>\n<\/tr>\n<tr>\n<td width=\"354\">COM-Anschluss<\/td>\n<td colspan=\"2\" width=\"686\">DB9 (RS232)<\/td>\n<\/tr>\n<tr>\n<td colspan=\"3\">Andere<\/td>\n<\/tr>\n<tr>\n<td width=\"354\">Betriebstemperatur<\/td>\n<td colspan=\"2\" width=\"686\">- 20\u2103~60\u2103<\/td>\n<\/tr>\n<tr>\n<td width=\"354\">Lagertemperatur<\/td>\n<td colspan=\"2\" width=\"686\">- 30\u2103~70\u2103<\/td>\n<\/tr>\n<tr>\n<td width=\"354\">Luftfeuchtigkeit<\/td>\n<td colspan=\"2\" width=\"686\">5%\uff5e95%RH<\/td>\n<\/tr>\n<tr>\n<td width=\"354\">Wasserdicht<\/td>\n<td colspan=\"2\" width=\"686\">IP65<\/td>\n<\/tr>\n<tr>\n<td width=\"354\">Schutzgrad<\/td>\n<td colspan=\"2\" width=\"686\">MIL-STD-810G<\/td>\n<\/tr>\n<tr>\n<td width=\"354\">Falltest<\/td>\n<td colspan=\"2\" width=\"686\">1,22 m Fallfestigkeit, auf dem Laminatfu\u00dfboden<\/td>\n<\/tr>\n<tr>\n<td>Stromversorgung<\/td>\n<td colspan=\"2\">Typ-C 12V 4A<\/td>\n<\/tr>\n<tr>\n<td colspan=\"3\">Produkt Form<\/td>\n<\/tr>\n<tr>\n<td>N.W<\/td>\n<td colspan=\"2\" width=\"686\">1140g<\/td>\n<\/tr>\n<tr>\n<td>G.W<\/td>\n<td colspan=\"2\" width=\"686\">2050g<\/td>\n<\/tr>\n<tr>\n<td>Abmessungen<\/td>\n<td colspan=\"2\" width=\"686\">275*189*23.1mm<\/td>\n<\/tr>\n<tr>\n<td>Verpackungsgr\u00f6\u00dfe (Karton)<\/td>\n<td colspan=\"2\" width=\"686\">330*240*70mm*1 Schachtel<\/td>\n<\/tr>\n<\/tbody>\n<\/table>\n<p>SIMPO-DATA ist ein f\u00fchrender Hightech-Hersteller, der sich auf die Entwicklung, die Produktion, den Vertrieb und den Service von fortschrittlichen POS-Systemen (Point of Sale) spezialisiert hat. Mit mehr als einem Jahrzehnt fundierter Branchenerfahrung haben wir uns einen soliden Ruf f\u00fcr die Bereitstellung zuverl\u00e4ssiger, innovativer und leistungsstarker POS-L\u00f6sungen f\u00fcr Kunden weltweit erworben.<\/p>\n<p>Seit unserer Gr\u00fcndung halten wir uns an die Gesch\u00e4ftsphilosophie \"Qualit\u00e4t schafft den Markt, Innovation schafft die Zukunft\". Dieses Engagement treibt uns an, unsere Produkte kontinuierlich zu verbessern und unser Angebot zu erweitern, um die vielf\u00e4ltigen Anforderungen der globalen M\u00e4rkte zu erf\u00fcllen. Unser umfassendes Produktportfolio deckt ein breites Spektrum an Branchen ab, darunter Einzelhandel, Restaurant, Supermarkt, Gastgewerbe, Lebensmittel- und Getr\u00e4nkeindustrie sowie Logistik. Egal, ob Sie ein kleines Gesch\u00e4ft f\u00fchren oder eine gro\u00dfe Handelskette leiten, SIMPO-DATA hat die richtige POS-L\u00f6sung f\u00fcr Sie.<\/p>\n<p>Umfangreiche Produktpalette<br \/>\nUnsere POS-Produktlinie umfasst All-in-One-POS-Terminals, Touchscreen-Monitore, Thermo-Bondrucker, Barcode-Scanner, Kassenschubladen und mobile POS-Ger\u00e4te. Wir bieten komplette, integrierte POS-Systeme sowie einzelne Komponenten, so dass Sie die L\u00f6sung, die am besten zu Ihrem Gesch\u00e4ftsmodell passt, individuell anpassen k\u00f6nnen.Zus\u00e4tzlich zum G10 Rugged Tablet \uff0c.<a href=\"https:\/\/simpo-data.com\/de\/products\/\" target=\"_blank\" rel=\"noopener\">Klicken Sie hier, um weitere Produkte zu sehen.<\/a><\/p>\n<p>Innovation als Kernst\u00fcck<br \/>\nUnser professionelles Forschungs- und Entwicklungsteam setzt sich f\u00fcr kontinuierliche Innovationen in den Bereichen Design, Leistung und Benutzerfreundlichkeit ein. Indem wir den Markttrends und technologischen Fortschritten immer einen Schritt voraus sind, stellen wir sicher, dass SIMPO-DATA Produkte wettbewerbsf\u00e4hig und zukunftssicher bleiben. Jedes Produkt wird mit viel Liebe zum Detail entwickelt - von ergonomischem Design und intuitiven Schnittstellen bis hin zu stabiler Systemleistung und Energieeffizienz.<\/p>\n<p>Qualit\u00e4t, der Sie vertrauen k\u00f6nnen<br \/>\nQualit\u00e4t ist unser oberstes Gebot. Von der Auswahl des Rohmaterials bis zur Endfertigung unterliegt jeder Schritt strengen Qualit\u00e4tskontrollen. Unsere Produktionsst\u00e4tten sind mit fortschrittlichen Pr\u00fcfger\u00e4ten ausgestattet, um sicherzustellen, dass jedes Produkt den internationalen Qualit\u00e4tsstandards entspricht und eine lange Lebensdauer hat.<\/p>\n<p>Globaler Service und Unterst\u00fctzung<br \/>\nBei SIMPO-DATA verkaufen wir nicht nur Produkte, sondern bieten auch Komplettl\u00f6sungen und zuverl\u00e4ssigen Kundendienst. Unser Team aus erfahrenen Ingenieuren und Kundendienstspezialisten steht Ihnen bei der Installation, Schulung, Wartung und technischen Unterst\u00fctzung zur Seite. Unser Ziel ist es, unseren Partnern zu helfen, die Effizienz zu maximieren, Kosten zu senken und die Kundenzufriedenheit zu erh\u00f6hen.<\/p>\n<p>Warum SIMPO-DATA w\u00e4hlen?<\/p>\n<p>\u00dcber 10 Jahre Erfahrung in der POS-Branche<\/p>\n<p>Starke FuE-Kapazit\u00e4ten mit kontinuierlicher Innovation<\/p>\n<p>Umfassende Produktpalette f\u00fcr mehrere Branchen<\/p>\n<p>Strenge Qualit\u00e4tskontrolle und Einhaltung internationaler Normen<\/p>\n<p>Professionelles globales Team f\u00fcr Vertrieb und technischen Support<\/p>\n<p>Gehen Sie eine Partnerschaft mit SIMPO-DATA ein und lassen Sie unsere POS-L\u00f6sungen Ihre Gesch\u00e4ftsabl\u00e4ufe unterst\u00fctzen. Gemeinsam k\u00f6nnen wir Ihnen helfen, Transaktionen zu rationalisieren, die betriebliche Effizienz zu verbessern und au\u00dfergew\u00f6hnliche Kundenerlebnisse zu bieten.<\/p>","protected":false},"excerpt":{"rendered":"<p>Intel Jasper Lake Celeron Prozessor<br \/>\n10,1\u2033 HD-LCD-Display mit kapazitivem Touch<br \/>\nHerausnehmbarer Akku mit hoher Kapazit\u00e4t<br \/>\nOptional 2D-Barcode, RFID (HF\/UHF), ID-Karte, Fingerabdruckmodul<br \/>\nIP67 und MIL-STD-810 zertifiziert<\/p>","protected":false},"featured_media":1312,"comment_status":"open","ping_status":"closed","template":"","meta":[],"product_brand":[],"product_cat":[183,174,175,180],"product_tag":[213,212,216,214,211,215],"class_list":{"0":"post-1306","1":"product","2":"type-product","3":"status-publish","4":"has-post-thumbnail","6":"product_cat-all-in-one-pos","7":"product_cat-pos-system","8":"product_cat-touch-monitor","9":"product_cat-windows-pos","10":"product_tag-easy-to-use-pos-systems","11":"product_tag-merchant-point-of-sale","12":"product_tag-merchant-services-payment-device","13":"product_tag-payment-systems","14":"product_tag-pos-for-retail","15":"product_tag-touch-screen-pos","17":"first","18":"instock","19":"shipping-taxable","20":"product-type-simple"},"yoast_head":"<!-- This site is optimized with the Yoast SEO plugin v27.4 - https:\/\/yoast.com\/product\/yoast-seo-wordpress\/ -->\n<title>G10 Rugged Tablet - simpo-data.com<\/title>\n<meta name=\"description\" content=\"G10 Rugged Tablet - all-in-one POS terminals, touch screen monitors, thermal receipt printers, barcode scanners, cash drawers, and mobile POS devices\" \/>\n<meta name=\"robots\" content=\"index, follow, max-snippet:-1, max-image-preview:large, max-video-preview:-1\" \/>\n<link rel=\"canonical\" href=\"https:\/\/simpo-data.com\/de\/produkt\/g10-rugged-tablet\/\" \/>\n<meta property=\"og:locale\" content=\"de_DE\" \/>\n<meta property=\"og:type\" content=\"article\" \/>\n<meta property=\"og:title\" content=\"G10 Rugged Tablet - simpo-data.com\" \/>\n<meta property=\"og:description\" content=\"G10 Rugged Tablet - all-in-one POS terminals, touch screen monitors, thermal receipt printers, barcode scanners, cash drawers, and mobile POS devices\" \/>\n<meta property=\"og:url\" content=\"https:\/\/simpo-data.com\/de\/produkt\/g10-rugged-tablet\/\" \/>\n<meta property=\"og:site_name\" content=\"simpo-data.com\" \/>\n<meta property=\"article:modified_time\" content=\"2025-08-09T02:05:01+00:00\" \/>\n<meta property=\"og:image\" content=\"https:\/\/simpo-data.com\/wp-content\/uploads\/2025\/06\/1.png\" \/>\n\t<meta property=\"og:image:width\" content=\"500\" \/>\n\t<meta property=\"og:image:height\" content=\"281\" \/>\n\t<meta property=\"og:image:type\" content=\"image\/png\" \/>\n<meta name=\"twitter:card\" content=\"summary_large_image\" \/>\n<meta name=\"twitter:label1\" content=\"Gesch\u00e4tzte Lesezeit\" \/>\n\t<meta name=\"twitter:data1\" content=\"3\u00a0Minuten\" \/>\n<script type=\"application\/ld+json\" class=\"yoast-schema-graph\">{\"@context\":\"https:\\\/\\\/schema.org\",\"@graph\":[{\"@type\":\"WebPage\",\"@id\":\"https:\\\/\\\/simpo-data.com\\\/product\\\/g10-rugged-tablet\\\/\",\"url\":\"https:\\\/\\\/simpo-data.com\\\/product\\\/g10-rugged-tablet\\\/\",\"name\":\"G10 Rugged Tablet - simpo-data.com\",\"isPartOf\":{\"@id\":\"https:\\\/\\\/simpo-data.com\\\/#website\"},\"primaryImageOfPage\":{\"@id\":\"https:\\\/\\\/simpo-data.com\\\/product\\\/g10-rugged-tablet\\\/#primaryimage\"},\"image\":{\"@id\":\"https:\\\/\\\/simpo-data.com\\\/product\\\/g10-rugged-tablet\\\/#primaryimage\"},\"thumbnailUrl\":\"https:\\\/\\\/simpo-data.com\\\/wp-content\\\/uploads\\\/2025\\\/06\\\/1.png\",\"datePublished\":\"2025-06-25T05:55:46+00:00\",\"dateModified\":\"2025-08-09T02:05:01+00:00\",\"description\":\"G10 Rugged Tablet - all-in-one POS terminals, touch screen monitors, thermal receipt printers, barcode scanners, cash drawers, and mobile POS devices\",\"breadcrumb\":{\"@id\":\"https:\\\/\\\/simpo-data.com\\\/product\\\/g10-rugged-tablet\\\/#breadcrumb\"},\"inLanguage\":\"de\",\"potentialAction\":[{\"@type\":\"ReadAction\",\"target\":[\"https:\\\/\\\/simpo-data.com\\\/product\\\/g10-rugged-tablet\\\/\"]}]},{\"@type\":\"ImageObject\",\"inLanguage\":\"de\",\"@id\":\"https:\\\/\\\/simpo-data.com\\\/product\\\/g10-rugged-tablet\\\/#primaryimage\",\"url\":\"https:\\\/\\\/simpo-data.com\\\/wp-content\\\/uploads\\\/2025\\\/06\\\/1.png\",\"contentUrl\":\"https:\\\/\\\/simpo-data.com\\\/wp-content\\\/uploads\\\/2025\\\/06\\\/1.png\",\"width\":500,\"height\":281,\"caption\":\"our rugged tablets are crafted to withstand the harshest industrial environments, providing mobile solutions that increase productivity, enhance safety, and reduce operational costs. supported by stylus, glove, and wet-touch modes. It also features an integrated IPS 700-nit screen for clear visibility and operational comfort, regardless of the weather or application.\"},{\"@type\":\"BreadcrumbList\",\"@id\":\"https:\\\/\\\/simpo-data.com\\\/product\\\/g10-rugged-tablet\\\/#breadcrumb\",\"itemListElement\":[{\"@type\":\"ListItem\",\"position\":1,\"name\":\"\u9996\u9875\",\"item\":\"https:\\\/\\\/simpo-data.com\\\/\"},{\"@type\":\"ListItem\",\"position\":2,\"name\":\"Products\",\"item\":\"https:\\\/\\\/simpo-data.com\\\/products\\\/\"},{\"@type\":\"ListItem\",\"position\":3,\"name\":\"G10 Rugged Tablet\"}]},{\"@type\":\"WebSite\",\"@id\":\"https:\\\/\\\/simpo-data.com\\\/#website\",\"url\":\"https:\\\/\\\/simpo-data.com\\\/\",\"name\":\"simpo-data.com\",\"description\":\"\",\"potentialAction\":[{\"@type\":\"SearchAction\",\"target\":{\"@type\":\"EntryPoint\",\"urlTemplate\":\"https:\\\/\\\/simpo-data.com\\\/?s={search_term_string}\"},\"query-input\":{\"@type\":\"PropertyValueSpecification\",\"valueRequired\":true,\"valueName\":\"search_term_string\"}}],\"inLanguage\":\"de\"}]}<\/script>\n<!-- \/ Yoast SEO plugin. -->","yoast_head_json":{"title":"G10 Rugged Tablet - simpo-data.com","description":"G10 Rugged Tablet - all-in-one POS terminals, touch screen monitors, thermal receipt printers, barcode scanners, cash drawers, and mobile POS devices","robots":{"index":"index","follow":"follow","max-snippet":"max-snippet:-1","max-image-preview":"max-image-preview:large","max-video-preview":"max-video-preview:-1"},"canonical":"https:\/\/simpo-data.com\/de\/produkt\/g10-rugged-tablet\/","og_locale":"de_DE","og_type":"article","og_title":"G10 Rugged Tablet - simpo-data.com","og_description":"G10 Rugged Tablet - all-in-one POS terminals, touch screen monitors, thermal receipt printers, barcode scanners, cash drawers, and mobile POS devices","og_url":"https:\/\/simpo-data.com\/de\/produkt\/g10-rugged-tablet\/","og_site_name":"simpo-data.com","article_modified_time":"2025-08-09T02:05:01+00:00","og_image":[{"width":500,"height":281,"url":"https:\/\/simpo-data.com\/wp-content\/uploads\/2025\/06\/1.png","type":"image\/png"}],"twitter_card":"summary_large_image","twitter_misc":{"Gesch\u00e4tzte Lesezeit":"3\u00a0Minuten"},"schema":{"@context":"https:\/\/schema.org","@graph":[{"@type":"WebPage","@id":"https:\/\/simpo-data.com\/product\/g10-rugged-tablet\/","url":"https:\/\/simpo-data.com\/product\/g10-rugged-tablet\/","name":"G10 Rugged Tablet - simpo-data.com","isPartOf":{"@id":"https:\/\/simpo-data.com\/#website"},"primaryImageOfPage":{"@id":"https:\/\/simpo-data.com\/product\/g10-rugged-tablet\/#primaryimage"},"image":{"@id":"https:\/\/simpo-data.com\/product\/g10-rugged-tablet\/#primaryimage"},"thumbnailUrl":"https:\/\/simpo-data.com\/wp-content\/uploads\/2025\/06\/1.png","datePublished":"2025-06-25T05:55:46+00:00","dateModified":"2025-08-09T02:05:01+00:00","description":"G10 Rugged Tablet - all-in-one POS terminals, touch screen monitors, thermal receipt printers, barcode scanners, cash drawers, and mobile POS devices","breadcrumb":{"@id":"https:\/\/simpo-data.com\/product\/g10-rugged-tablet\/#breadcrumb"},"inLanguage":"de","potentialAction":[{"@type":"ReadAction","target":["https:\/\/simpo-data.com\/product\/g10-rugged-tablet\/"]}]},{"@type":"ImageObject","inLanguage":"de","@id":"https:\/\/simpo-data.com\/product\/g10-rugged-tablet\/#primaryimage","url":"https:\/\/simpo-data.com\/wp-content\/uploads\/2025\/06\/1.png","contentUrl":"https:\/\/simpo-data.com\/wp-content\/uploads\/2025\/06\/1.png","width":500,"height":281,"caption":"our rugged tablets are crafted to withstand the harshest industrial environments, providing mobile solutions that increase productivity, enhance safety, and reduce operational costs. supported by stylus, glove, and wet-touch modes. It also features an integrated IPS 700-nit screen for clear visibility and operational comfort, regardless of the weather or application."},{"@type":"BreadcrumbList","@id":"https:\/\/simpo-data.com\/product\/g10-rugged-tablet\/#breadcrumb","itemListElement":[{"@type":"ListItem","position":1,"name":"\u9996\u9875","item":"https:\/\/simpo-data.com\/"},{"@type":"ListItem","position":2,"name":"Products","item":"https:\/\/simpo-data.com\/products\/"},{"@type":"ListItem","position":3,"name":"G10 Rugged Tablet"}]},{"@type":"WebSite","@id":"https:\/\/simpo-data.com\/#website","url":"https:\/\/simpo-data.com\/","name":"simpo-data.com","description":"","potentialAction":[{"@type":"SearchAction","target":{"@type":"EntryPoint","urlTemplate":"https:\/\/simpo-data.com\/?s={search_term_string}"},"query-input":{"@type":"PropertyValueSpecification","valueRequired":true,"valueName":"search_term_string"}}],"inLanguage":"de"}]}},"_links":{"self":[{"href":"https:\/\/simpo-data.com\/de\/wp-json\/wp\/v2\/product\/1306","targetHints":{"allow":["GET"]}}],"collection":[{"href":"https:\/\/simpo-data.com\/de\/wp-json\/wp\/v2\/product"}],"about":[{"href":"https:\/\/simpo-data.com\/de\/wp-json\/wp\/v2\/types\/product"}],"replies":[{"embeddable":true,"href":"https:\/\/simpo-data.com\/de\/wp-json\/wp\/v2\/comments?post=1306"}],"wp:featuredmedia":[{"embeddable":true,"href":"https:\/\/simpo-data.com\/de\/wp-json\/wp\/v2\/media\/1312"}],"wp:attachment":[{"href":"https:\/\/simpo-data.com\/de\/wp-json\/wp\/v2\/media?parent=1306"}],"wp:term":[{"taxonomy":"product_brand","embeddable":true,"href":"https:\/\/simpo-data.com\/de\/wp-json\/wp\/v2\/product_brand?post=1306"},{"taxonomy":"product_cat","embeddable":true,"href":"https:\/\/simpo-data.com\/de\/wp-json\/wp\/v2\/product_cat?post=1306"},{"taxonomy":"product_tag","embeddable":true,"href":"https:\/\/simpo-data.com\/de\/wp-json\/wp\/v2\/product_tag?post=1306"}],"curies":[{"name":"wp","href":"https:\/\/api.w.org\/{rel}","templated":true}]}}