{"id":1319,"date":"2025-06-25T14:41:39","date_gmt":"2025-06-25T06:41:39","guid":{"rendered":"https:\/\/simpo-data.com\/?post_type=product&#038;p=1319"},"modified":"2025-08-09T10:03:08","modified_gmt":"2025-08-09T02:03:08","slug":"g80-rugged-tablet","status":"publish","type":"product","link":"https:\/\/simpo-data.com\/es\/products\/pos-types\/all-in-one-pos\/g80-rugged-tablet\/","title":{"rendered":"Tablet reforzado G80"},"content":{"rendered":"<table width=\"1040\">\n<tbody>\n<tr>\n<td colspan=\"3\" width=\"1040\">Modelo NO.: Tablet reforzado G80<\/td>\n<\/tr>\n<tr>\n<td>Art\u00edculo<\/td>\n<td colspan=\"2\">Par\u00e1metros<\/td>\n<\/tr>\n<tr>\n<td width=\"354\">CPU<\/td>\n<td colspan=\"2\" width=\"686\">Intel JASPER LAKE N5100, 4 MB SmartCache, hasta 2,8 GHz<\/td>\n<\/tr>\n<tr>\n<td width=\"354\">RAM<\/td>\n<td colspan=\"2\" width=\"686\">8G<\/td>\n<\/tr>\n<tr>\n<td width=\"354\">Disco duro<\/td>\n<td colspan=\"2\" width=\"686\">128 G SSD<\/td>\n<\/tr>\n<tr>\n<td width=\"354\">Pantalla de visualizaci\u00f3n<\/td>\n<td colspan=\"2\" width=\"686\">Pantalla IPS de 8 pulgadas, 16:10, 700cd\/\u33a1<\/td>\n<\/tr>\n<tr>\n<td width=\"354\">Resoluci\u00f3n<\/td>\n<td colspan=\"2\" width=\"686\">800*1280<\/td>\n<\/tr>\n<tr>\n<td width=\"354\">Pantalla t\u00e1ctil<\/td>\n<td colspan=\"2\" width=\"686\">Pantalla t\u00e1ctil capacitiva de 10 puntos, G+G, cristal gorila, dureza 7H<\/td>\n<\/tr>\n<tr>\n<td width=\"354\">C\u00e1mara (Frontal )<\/td>\n<td colspan=\"2\" width=\"686\">5,0MP<\/td>\n<\/tr>\n<tr>\n<td width=\"354\">C\u00e1mara (trasera )<\/td>\n<td colspan=\"2\" width=\"686\">8,0MP<\/td>\n<\/tr>\n<tr>\n<td width=\"354\">G_sensor<\/td>\n<td colspan=\"2\" width=\"686\">Ayuda<\/td>\n<\/tr>\n<tr>\n<td width=\"354\">Esc\u00e1ner<\/td>\n<td colspan=\"2\" width=\"686\">Esc\u00e1ner 2D Zebra<\/td>\n<\/tr>\n<tr>\n<td width=\"354\">Bater\u00eda<\/td>\n<td colspan=\"2\" width=\"686\">Bater\u00eda de pol\u00edmero de iones de litio integrada<\/td>\n<\/tr>\n<tr>\n<td width=\"354\">Capacidad de la bater\u00eda<\/td>\n<td colspan=\"2\" width=\"686\">7,6V 5000mAh<\/td>\n<\/tr>\n<tr>\n<td width=\"354\">Resistencia de la bater\u00eda<\/td>\n<td colspan=\"2\" width=\"686\">6 horas (el v\u00eddeo 1080P se reproduce a 50% de brillo por defecto)<\/td>\n<\/tr>\n<tr>\n<td width=\"354\">Soporte OS (NO incluye OS)<\/td>\n<td colspan=\"2\" width=\"686\">Windows 10\/11<\/td>\n<\/tr>\n<tr>\n<td colspan=\"3\">Conexiones de red<\/td>\n<\/tr>\n<tr>\n<td width=\"354\">Wi-Fi<\/td>\n<td colspan=\"2\" width=\"686\">WiFi 802.11a\/b\/g\/n\/ac 2.4G+5G<\/td>\n<\/tr>\n<tr>\n<td width=\"354\">Bluetooth<\/td>\n<td colspan=\"2\" width=\"686\">Soporte, distancia de transmisi\u00f3n: 10 m<\/td>\n<\/tr>\n<tr>\n<td width=\"354\">4G<\/td>\n<td colspan=\"2\" width=\"686\">M\u00f3dulo TD-LTE<\/td>\n<\/tr>\n<tr>\n<td width=\"354\">GNSS<\/td>\n<td colspan=\"2\" width=\"686\">Compatible con GPS, Glonass<\/td>\n<\/tr>\n<tr>\n<td colspan=\"3\">Configuraci\u00f3n de la interfaz<\/td>\n<\/tr>\n<tr>\n<td width=\"354\">Enchufe para tarjeta de memoria (memoria externa)<\/td>\n<td colspan=\"2\" width=\"686\">Ranura para tarjeta TF x1, hasta 256 GB<\/td>\n<\/tr>\n<tr>\n<td width=\"354\">Interfaz USB<\/td>\n<td colspan=\"2\" width=\"686\">TYPE-C, Carga y transmisi\u00f3n de datos<\/td>\n<\/tr>\n<tr>\n<td width=\"354\">Interfaz USB<\/td>\n<td colspan=\"2\" width=\"686\">USB tipo A 2.0<\/td>\n<\/tr>\n<tr>\n<td width=\"354\">Toma de la tarjeta SIM<\/td>\n<td colspan=\"2\" width=\"686\">Ranura para tarjeta micro SIM x1<\/td>\n<\/tr>\n<tr>\n<td width=\"354\">Toma de auriculares<\/td>\n<td colspan=\"2\" width=\"686\">\u222e Toma de auriculares est\u00e1ndar de 3,5 mm<\/td>\n<\/tr>\n<tr>\n<td width=\"354\">Conector CC1<\/td>\n<td colspan=\"2\" width=\"686\">12PIN Pogo Pin<\/td>\n<\/tr>\n<tr>\n<td width=\"354\">HDMI<\/td>\n<td colspan=\"2\" width=\"686\">Mini HDMI 1.4a x1<\/td>\n<\/tr>\n<tr>\n<td width=\"354\">Ethernet<\/td>\n<td colspan=\"2\" width=\"686\">RJ45 x1, 10\/100M<\/td>\n<\/tr>\n<tr>\n<td colspan=\"3\">Otros<\/td>\n<\/tr>\n<tr>\n<td width=\"354\">Temperatura de funcionamiento<\/td>\n<td colspan=\"2\" width=\"686\">- 10\u2103~50\u2103<\/td>\n<\/tr>\n<tr>\n<td width=\"354\">Temperatura de almacenamiento<\/td>\n<td colspan=\"2\" width=\"686\">- 20\u2103~60\u2103<\/td>\n<\/tr>\n<tr>\n<td width=\"354\">Humedad<\/td>\n<td colspan=\"2\" width=\"686\">5%\uff5e95%RH<\/td>\n<\/tr>\n<tr>\n<td width=\"354\">Impermeable<\/td>\n<td colspan=\"2\" width=\"686\">IP67<\/td>\n<\/tr>\n<tr>\n<td width=\"354\">Grado de protecci\u00f3n<\/td>\n<td colspan=\"2\" width=\"686\">MIL-STD-810G<\/td>\n<\/tr>\n<tr>\n<td width=\"354\">Prueba de ca\u00edda<\/td>\n<td colspan=\"2\" width=\"686\">Resistencia a ca\u00eddas de 1,22 m, en el suelo de madera laminada<\/td>\n<\/tr>\n<tr>\n<td>Fuente de alimentaci\u00f3n<\/td>\n<td colspan=\"2\">Descarga por contacto: \u00b15kV \u3001Descarga por aire: \u00b110kV<\/td>\n<\/tr>\n<tr>\n<td colspan=\"3\">Forma del producto<\/td>\n<\/tr>\n<tr>\n<td>N.W<\/td>\n<td colspan=\"2\" width=\"686\">900g<\/td>\n<\/tr>\n<tr>\n<td>G.W<\/td>\n<td colspan=\"2\" width=\"686\">2350g<\/td>\n<\/tr>\n<tr>\n<td>Dimensiones<\/td>\n<td colspan=\"2\" width=\"686\">236,5*156*23mm<\/td>\n<\/tr>\n<tr>\n<td>Tama\u00f1o del embalaje (caja)<\/td>\n<td colspan=\"2\" width=\"686\">280*210*70mm*1 Caja<\/td>\n<\/tr>\n<\/tbody>\n<\/table>\n<p>SIMPO-DATA es un fabricante l\u00edder de alta tecnolog\u00eda dedicado a la I+D, producci\u00f3n, venta y servicio de sistemas avanzados de TPV (Terminal Punto de Venta). Con m\u00e1s de una d\u00e9cada de profunda experiencia en el sector, nos hemos forjado una s\u00f3lida reputaci\u00f3n por ofrecer soluciones de TPV fiables, innovadoras y de alto rendimiento a clientes de todo el mundo.<\/p>\n<p>Desde nuestra fundaci\u00f3n, nos hemos adherido a la filosof\u00eda empresarial de \"La calidad crea el mercado, la innovaci\u00f3n crea el futuro\". Este compromiso nos impulsa a mejorar continuamente nuestros productos y ampliar nuestra oferta para satisfacer las diversas demandas de los mercados mundiales. Nuestra completa cartera de productos abarca una amplia gama de sectores, como el comercio minorista, la restauraci\u00f3n, los supermercados, la hosteler\u00eda, la alimentaci\u00f3n y las bebidas, y la log\u00edstica. Tanto si dirige un peque\u00f1o negocio como si gestiona una gran cadena de operaciones, SIMPO-DATA tiene la soluci\u00f3n de TPV adecuada para usted.<\/p>\n<p>Amplia gama de productos<br \/>\nNuestra l\u00ednea de productos POS incluye terminales de punto de venta todo en uno, monitores de pantalla t\u00e1ctil, impresoras t\u00e9rmicas de recibos, esc\u00e1neres de c\u00f3digos de barras, cajones portamonedas y dispositivos POS m\u00f3viles. Ofrecemos sistemas POS completos e integrados, as\u00ed como componentes individuales, lo que le permite personalizar la soluci\u00f3n que mejor se adapte a su modelo de negocio.Adem\u00e1s de G80 Rugged Tablet \uff0c.<a href=\"https:\/\/simpo-data.com\/es\/products\/\" target=\"_blank\" rel=\"noopener\">Haga clic aqu\u00ed para ver m\u00e1s productos.<\/a><\/p>\n<p>Innovaci\u00f3n en el n\u00facleo<br \/>\nNuestro equipo profesional de I+D est\u00e1 comprometido con la innovaci\u00f3n continua en dise\u00f1o, rendimiento y experiencia del usuario. Al adelantarnos a las tendencias del mercado y a los avances tecnol\u00f3gicos, nos aseguramos de que los productos SIMPO-DATA sigan siendo competitivos y est\u00e9n preparados para el futuro. Cada producto se desarrolla prestando especial atenci\u00f3n a los detalles, desde el dise\u00f1o ergon\u00f3mico y las interfaces intuitivas hasta el rendimiento estable del sistema y la eficiencia energ\u00e9tica.<\/p>\n<p>Calidad de confianza<br \/>\nLa calidad es nuestra m\u00e1xima prioridad. Desde la selecci\u00f3n de materias primas hasta la producci\u00f3n final, cada paso est\u00e1 sujeto a estrictos procedimientos de control de calidad. Nuestras instalaciones de fabricaci\u00f3n est\u00e1n equipadas con avanzados equipos de ensayo para garantizar que cada producto cumpla las normas de calidad internacionales y ofrezca un rendimiento duradero.<\/p>\n<p>Servicio y asistencia mundial<br \/>\nEn SIMPO-DATA, no nos limitamos a vender productos: ofrecemos soluciones integrales y un servicio posventa fiable. Nuestro equipo de ingenieros experimentados y especialistas en atenci\u00f3n al cliente est\u00e1 preparado para ayudarle con la instalaci\u00f3n, la formaci\u00f3n, el mantenimiento y la asistencia t\u00e9cnica. Nuestro objetivo es ayudar a nuestros socios a maximizar la eficiencia, reducir los costes y mejorar la satisfacci\u00f3n del cliente.<\/p>\n<p>\u00bfPor qu\u00e9 elegir SIMPO-DATA?<\/p>\n<p>M\u00e1s de 10 a\u00f1os de experiencia en el sector de los puntos de venta<\/p>\n<p>S\u00f3lida capacidad de I+D con innovaci\u00f3n continua<\/p>\n<p>Amplia gama de productos que abarca m\u00faltiples sectores<\/p>\n<p>Estricto control de calidad y cumplimiento de las normas internacionales<\/p>\n<p>Equipo profesional de ventas y asistencia t\u00e9cnica en todo el mundo<\/p>\n<p>As\u00f3ciese con SIMPO-DATA y deje que nuestras soluciones de punto de venta potencien sus operaciones comerciales. Juntos, podemos ayudarle a agilizar las transacciones, mejorar la eficiencia operativa y ofrecer experiencias excepcionales a los clientes.<\/p>","protected":false},"excerpt":{"rendered":"<p>Procesador Intel Jasper Lake Celeron<br \/>\nPantalla LCD HD de 10,1\u2033 con toque capacitivo<br \/>\nBater\u00eda extra\u00edble de gran capacidad<br \/>\nC\u00f3digo de barras 2D opcional, RFID (HF\/UHF), tarjeta de identificaci\u00f3n, m\u00f3dulo de huellas dactilares<br \/>\nCertificaci\u00f3n IP67 y MIL-STD-810<\/p>","protected":false},"featured_media":1312,"comment_status":"open","ping_status":"closed","template":"","meta":[],"product_brand":[],"product_cat":[183,174,175,180],"product_tag":[213,212,216,214,211,255,215],"class_list":{"0":"post-1319","1":"product","2":"type-product","3":"status-publish","4":"has-post-thumbnail","6":"product_cat-all-in-one-pos","7":"product_cat-pos-system","8":"product_cat-touch-monitor","9":"product_cat-windows-pos","10":"product_tag-easy-to-use-pos-systems","11":"product_tag-merchant-point-of-sale","12":"product_tag-merchant-services-payment-device","13":"product_tag-payment-systems","14":"product_tag-pos-for-retail","15":"product_tag-rugged-tablet","16":"product_tag-touch-screen-pos","18":"first","19":"instock","20":"shipping-taxable","21":"product-type-simple"},"yoast_head":"<!-- This site is optimized with the Yoast SEO plugin v25.6 - https:\/\/yoast.com\/wordpress\/plugins\/seo\/ -->\n<title>G80 Rugged Tablet - simpo-data.com<\/title>\n<meta name=\"description\" content=\"G80 Rugged Tablet - all-in-one POS terminals, touch screen monitors, thermal receipt printers, barcode scanners, cash drawers, and mobile POS devices\" \/>\n<meta name=\"robots\" content=\"index, follow, max-snippet:-1, max-image-preview:large, max-video-preview:-1\" \/>\n<link rel=\"canonical\" href=\"https:\/\/simpo-data.com\/es\/products\/pos-types\/all-in-one-pos\/g80-rugged-tablet\/\" \/>\n<meta property=\"og:locale\" content=\"es_ES\" \/>\n<meta property=\"og:type\" content=\"article\" \/>\n<meta property=\"og:title\" content=\"G80 Rugged Tablet - simpo-data.com\" \/>\n<meta property=\"og:description\" content=\"G80 Rugged Tablet - all-in-one POS terminals, touch screen monitors, thermal receipt printers, barcode scanners, cash drawers, and mobile POS devices\" \/>\n<meta property=\"og:url\" content=\"https:\/\/simpo-data.com\/es\/products\/pos-types\/all-in-one-pos\/g80-rugged-tablet\/\" \/>\n<meta property=\"og:site_name\" content=\"simpo-data.com\" \/>\n<meta property=\"article:modified_time\" content=\"2025-08-09T02:03:08+00:00\" \/>\n<meta property=\"og:image\" content=\"https:\/\/simpo-data.com\/wp-content\/uploads\/2025\/06\/1.png\" \/>\n\t<meta property=\"og:image:width\" content=\"500\" \/>\n\t<meta property=\"og:image:height\" content=\"281\" \/>\n\t<meta property=\"og:image:type\" content=\"image\/png\" \/>\n<meta name=\"twitter:card\" content=\"summary_large_image\" \/>\n<meta name=\"twitter:label1\" content=\"Tiempo de lectura\" \/>\n\t<meta name=\"twitter:data1\" content=\"3 minutos\" \/>\n<script type=\"application\/ld+json\" class=\"yoast-schema-graph\">{\"@context\":\"https:\/\/schema.org\",\"@graph\":[{\"@type\":\"WebPage\",\"@id\":\"https:\/\/simpo-data.com\/ru\/products\/pos-types\/all-in-one-pos\/g80-rugged-tablet\/\",\"url\":\"https:\/\/simpo-data.com\/ru\/products\/pos-types\/all-in-one-pos\/g80-rugged-tablet\/\",\"name\":\"G80 Rugged Tablet - simpo-data.com\",\"isPartOf\":{\"@id\":\"https:\/\/simpo-data.com\/#website\"},\"primaryImageOfPage\":{\"@id\":\"https:\/\/simpo-data.com\/ru\/products\/pos-types\/all-in-one-pos\/g80-rugged-tablet\/#primaryimage\"},\"image\":{\"@id\":\"https:\/\/simpo-data.com\/ru\/products\/pos-types\/all-in-one-pos\/g80-rugged-tablet\/#primaryimage\"},\"thumbnailUrl\":\"https:\/\/simpo-data.com\/wp-content\/uploads\/2025\/06\/1.png\",\"datePublished\":\"2025-06-25T06:41:39+00:00\",\"dateModified\":\"2025-08-09T02:03:08+00:00\",\"description\":\"G80 Rugged Tablet - all-in-one POS terminals, touch screen monitors, thermal receipt printers, barcode scanners, cash drawers, and mobile POS devices\",\"breadcrumb\":{\"@id\":\"https:\/\/simpo-data.com\/ru\/products\/pos-types\/all-in-one-pos\/g80-rugged-tablet\/#breadcrumb\"},\"inLanguage\":\"es\",\"potentialAction\":[{\"@type\":\"ReadAction\",\"target\":[\"https:\/\/simpo-data.com\/ru\/products\/pos-types\/all-in-one-pos\/g80-rugged-tablet\/\"]}]},{\"@type\":\"ImageObject\",\"inLanguage\":\"es\",\"@id\":\"https:\/\/simpo-data.com\/ru\/products\/pos-types\/all-in-one-pos\/g80-rugged-tablet\/#primaryimage\",\"url\":\"https:\/\/simpo-data.com\/wp-content\/uploads\/2025\/06\/1.png\",\"contentUrl\":\"https:\/\/simpo-data.com\/wp-content\/uploads\/2025\/06\/1.png\",\"width\":500,\"height\":281,\"caption\":\"our rugged tablets are crafted to withstand the harshest industrial environments, providing mobile solutions that increase productivity, enhance safety, and reduce operational costs. supported by stylus, glove, and wet-touch modes. It also features an integrated IPS 700-nit screen for clear visibility and operational comfort, regardless of the weather or application.\"},{\"@type\":\"BreadcrumbList\",\"@id\":\"https:\/\/simpo-data.com\/ru\/products\/pos-types\/all-in-one-pos\/g80-rugged-tablet\/#breadcrumb\",\"itemListElement\":[{\"@type\":\"ListItem\",\"position\":1,\"name\":\"\u9996\u9875\",\"item\":\"https:\/\/simpo-data.com\/\"},{\"@type\":\"ListItem\",\"position\":2,\"name\":\"Products\",\"item\":\"https:\/\/simpo-data.com\/products\/\"},{\"@type\":\"ListItem\",\"position\":3,\"name\":\"G80 Rugged Tablet\"}]},{\"@type\":\"WebSite\",\"@id\":\"https:\/\/simpo-data.com\/#website\",\"url\":\"https:\/\/simpo-data.com\/\",\"name\":\"simpo-data.com\",\"description\":\"\",\"potentialAction\":[{\"@type\":\"SearchAction\",\"target\":{\"@type\":\"EntryPoint\",\"urlTemplate\":\"https:\/\/simpo-data.com\/?s={search_term_string}\"},\"query-input\":{\"@type\":\"PropertyValueSpecification\",\"valueRequired\":true,\"valueName\":\"search_term_string\"}}],\"inLanguage\":\"es\"}]}<\/script>\n<!-- \/ Yoast SEO plugin. -->","yoast_head_json":{"title":"G80 Rugged Tablet - simpo-data.com","description":"G80 Rugged Tablet - all-in-one POS terminals, touch screen monitors, thermal receipt printers, barcode scanners, cash drawers, and mobile POS devices","robots":{"index":"index","follow":"follow","max-snippet":"max-snippet:-1","max-image-preview":"max-image-preview:large","max-video-preview":"max-video-preview:-1"},"canonical":"https:\/\/simpo-data.com\/es\/products\/pos-types\/all-in-one-pos\/g80-rugged-tablet\/","og_locale":"es_ES","og_type":"article","og_title":"G80 Rugged Tablet - simpo-data.com","og_description":"G80 Rugged Tablet - all-in-one POS terminals, touch screen monitors, thermal receipt printers, barcode scanners, cash drawers, and mobile POS devices","og_url":"https:\/\/simpo-data.com\/es\/products\/pos-types\/all-in-one-pos\/g80-rugged-tablet\/","og_site_name":"simpo-data.com","article_modified_time":"2025-08-09T02:03:08+00:00","og_image":[{"width":500,"height":281,"url":"https:\/\/simpo-data.com\/wp-content\/uploads\/2025\/06\/1.png","type":"image\/png"}],"twitter_card":"summary_large_image","twitter_misc":{"Tiempo de lectura":"3 minutos"},"schema":{"@context":"https:\/\/schema.org","@graph":[{"@type":"WebPage","@id":"https:\/\/simpo-data.com\/ru\/products\/pos-types\/all-in-one-pos\/g80-rugged-tablet\/","url":"https:\/\/simpo-data.com\/ru\/products\/pos-types\/all-in-one-pos\/g80-rugged-tablet\/","name":"G80 Rugged Tablet - simpo-data.com","isPartOf":{"@id":"https:\/\/simpo-data.com\/#website"},"primaryImageOfPage":{"@id":"https:\/\/simpo-data.com\/ru\/products\/pos-types\/all-in-one-pos\/g80-rugged-tablet\/#primaryimage"},"image":{"@id":"https:\/\/simpo-data.com\/ru\/products\/pos-types\/all-in-one-pos\/g80-rugged-tablet\/#primaryimage"},"thumbnailUrl":"https:\/\/simpo-data.com\/wp-content\/uploads\/2025\/06\/1.png","datePublished":"2025-06-25T06:41:39+00:00","dateModified":"2025-08-09T02:03:08+00:00","description":"G80 Rugged Tablet - all-in-one POS terminals, touch screen monitors, thermal receipt printers, barcode scanners, cash drawers, and mobile POS devices","breadcrumb":{"@id":"https:\/\/simpo-data.com\/ru\/products\/pos-types\/all-in-one-pos\/g80-rugged-tablet\/#breadcrumb"},"inLanguage":"es","potentialAction":[{"@type":"ReadAction","target":["https:\/\/simpo-data.com\/ru\/products\/pos-types\/all-in-one-pos\/g80-rugged-tablet\/"]}]},{"@type":"ImageObject","inLanguage":"es","@id":"https:\/\/simpo-data.com\/ru\/products\/pos-types\/all-in-one-pos\/g80-rugged-tablet\/#primaryimage","url":"https:\/\/simpo-data.com\/wp-content\/uploads\/2025\/06\/1.png","contentUrl":"https:\/\/simpo-data.com\/wp-content\/uploads\/2025\/06\/1.png","width":500,"height":281,"caption":"our rugged tablets are crafted to withstand the harshest industrial environments, providing mobile solutions that increase productivity, enhance safety, and reduce operational costs. supported by stylus, glove, and wet-touch modes. It also features an integrated IPS 700-nit screen for clear visibility and operational comfort, regardless of the weather or application."},{"@type":"BreadcrumbList","@id":"https:\/\/simpo-data.com\/ru\/products\/pos-types\/all-in-one-pos\/g80-rugged-tablet\/#breadcrumb","itemListElement":[{"@type":"ListItem","position":1,"name":"\u9996\u9875","item":"https:\/\/simpo-data.com\/"},{"@type":"ListItem","position":2,"name":"Products","item":"https:\/\/simpo-data.com\/products\/"},{"@type":"ListItem","position":3,"name":"G80 Rugged Tablet"}]},{"@type":"WebSite","@id":"https:\/\/simpo-data.com\/#website","url":"https:\/\/simpo-data.com\/","name":"simpo-data.com","description":"","potentialAction":[{"@type":"SearchAction","target":{"@type":"EntryPoint","urlTemplate":"https:\/\/simpo-data.com\/?s={search_term_string}"},"query-input":{"@type":"PropertyValueSpecification","valueRequired":true,"valueName":"search_term_string"}}],"inLanguage":"es"}]}},"_links":{"self":[{"href":"https:\/\/simpo-data.com\/es\/wp-json\/wp\/v2\/product\/1319","targetHints":{"allow":["GET"]}}],"collection":[{"href":"https:\/\/simpo-data.com\/es\/wp-json\/wp\/v2\/product"}],"about":[{"href":"https:\/\/simpo-data.com\/es\/wp-json\/wp\/v2\/types\/product"}],"replies":[{"embeddable":true,"href":"https:\/\/simpo-data.com\/es\/wp-json\/wp\/v2\/comments?post=1319"}],"wp:featuredmedia":[{"embeddable":true,"href":"https:\/\/simpo-data.com\/es\/wp-json\/wp\/v2\/media\/1312"}],"wp:attachment":[{"href":"https:\/\/simpo-data.com\/es\/wp-json\/wp\/v2\/media?parent=1319"}],"wp:term":[{"taxonomy":"product_brand","embeddable":true,"href":"https:\/\/simpo-data.com\/es\/wp-json\/wp\/v2\/product_brand?post=1319"},{"taxonomy":"product_cat","embeddable":true,"href":"https:\/\/simpo-data.com\/es\/wp-json\/wp\/v2\/product_cat?post=1319"},{"taxonomy":"product_tag","embeddable":true,"href":"https:\/\/simpo-data.com\/es\/wp-json\/wp\/v2\/product_tag?post=1319"}],"curies":[{"name":"wp","href":"https:\/\/api.w.org\/{rel}","templated":true}]}}