{"id":1414,"date":"2025-09-28T17:52:33","date_gmt":"2025-09-28T09:52:33","guid":{"rendered":"https:\/\/simpo-data.com\/?post_type=product&#038;p=1414"},"modified":"2025-09-28T17:53:55","modified_gmt":"2025-09-28T09:53:55","slug":"3-color-e-ink-electronic-shelf-labels-esl-supermarket-e-ink-digital-label-price-tag-epaper-demo-kit-display-system","status":"publish","type":"product","link":"https:\/\/simpo-data.com\/es\/products\/accessories\/3-color-e-ink-electronic-shelf-labels-esl-supermarket-e-ink-digital-label-price-tag-epaper-demo-kit-display-system\/","title":{"rendered":"Etiquetas electr\u00f3nicas para estanter\u00edas , Etiquetas digitales para estanter\u00edas, 3 Color ESL Digital E Ink Epaper, Etiqueta de precio ESL Etiqueta electr\u00f3nica para estanter\u00edas de tiendas"},"content":{"rendered":"<table style=\"border-collapse: collapse; width: 793.83pt;\" border=\"0\" width=\"1323\" cellspacing=\"0\" cellpadding=\"0\">\n<tbody>\n<tr style=\"height: 14.40pt;\">\n<td class=\"et2\" style=\"height: 14.40pt; width: 58.20pt;\" width=\"97\" height=\"24\">Talla<\/td>\n<td class=\"et2\" style=\"width: 124.80pt;\" width=\"208\">Dimensiones<\/td>\n<td class=\"et2\" style=\"width: 94.80pt;\" width=\"158\">Color<\/td>\n<td class=\"et2\" style=\"width: 78.00pt;\" width=\"130\">Resoluci\u00f3n<\/td>\n<td class=\"et2\" style=\"width: 143.40pt;\" width=\"239\">Bater\u00eda<\/td>\n<td class=\"et2\" style=\"width: 78.00pt;\" width=\"130\">Tecnolog\u00eda<\/td>\n<td class=\"et2\" style=\"width: 78.00pt;\" width=\"130\">Peso neto<\/td>\n<td class=\"et2\" style=\"width: 138.60pt;\" width=\"231\">Temperatura de funcionamiento<\/td>\n<\/tr>\n<tr style=\"height: 14.40pt;\">\n<td class=\"et3\" style=\"height: 14.40pt;\" height=\"24\">1,54 pulgadas<\/td>\n<td class=\"et4\">37,11*48,43*9,1 mm<\/td>\n<td class=\"et4\">Negro\/Blanco\/Rojo<\/td>\n<td class=\"et4\">200*200<\/td>\n<td class=\"et4\">1*CR2450<\/td>\n<td class=\"et4\">2.4G<\/td>\n<td class=\"et4\">18.9g<\/td>\n<td class=\"et4\">0\u2103\uff5e45\u2103<\/td>\n<\/tr>\n<tr style=\"height: 14.40pt;\">\n<td class=\"et3\" style=\"height: 14.40pt;\" height=\"24\">2,13 pulgadas<\/td>\n<td class=\"et4\">72,31*34,31*9,1 mm<\/td>\n<td class=\"et4\">Negro\/Blanco\/Rojo<\/td>\n<td class=\"et4\">250*128<\/td>\n<td class=\"et4\">2*CR2450<\/td>\n<td class=\"et4\">2.4G<\/td>\n<td class=\"et4\">29.3g<\/td>\n<td class=\"et4\">0\u2103\uff5e45\u2103<\/td>\n<\/tr>\n<tr style=\"height: 14.40pt;\">\n<td class=\"et3\" style=\"height: 14.40pt;\" height=\"24\">2,13 pulgadas<\/td>\n<td class=\"et4\">72,31*34,31*9,1 mm<\/td>\n<td class=\"et4\">Negro\/Blanco<\/td>\n<td class=\"et4\">250*128<\/td>\n<td class=\"et4\">2*CR2450<\/td>\n<td class=\"et4\">2.4G<\/td>\n<td class=\"et4\">32.7g<\/td>\n<td class=\"et4\">-20\u2103\uff5e30\u2103<\/td>\n<\/tr>\n<tr style=\"height: 14.40pt;\">\n<td class=\"et3\" style=\"height: 14.40pt;\" height=\"24\">2,66 pulgadas<\/td>\n<td class=\"et4\">82,93*41,41*9,1mm<\/td>\n<td class=\"et4\">Negro\/Blanco\/Rojo<\/td>\n<td class=\"et4\">296*152<\/td>\n<td class=\"et4\">2*CR2450<\/td>\n<td class=\"et4\">2.4G<\/td>\n<td class=\"et4\">35g<\/td>\n<td class=\"et4\">0\u2103\uff5e45\u2103<\/td>\n<\/tr>\n<tr style=\"height: 14.40pt;\">\n<td class=\"et3\" style=\"height: 14.40pt;\" height=\"24\">2,9 pulgadas<\/td>\n<td class=\"et4\">90,11*41,81*9,1 mm<\/td>\n<td class=\"et4\">Negro\/Blanco\/Rojo<\/td>\n<td class=\"et4\">296*128<\/td>\n<td class=\"et4\">2*CR2450<\/td>\n<td class=\"et4\">2.4G<\/td>\n<td class=\"et4\">36.6g<\/td>\n<td class=\"et4\">0\u2103\uff5e45\u2103<\/td>\n<\/tr>\n<tr style=\"height: 14.40pt;\">\n<td class=\"et3\" style=\"height: 14.40pt;\" height=\"24\">4,2 pulgadas<\/td>\n<td class=\"et4\">98,4*89*10,7 mm<\/td>\n<td class=\"et4\">Negro\/Blanco\/Rojo<\/td>\n<td class=\"et4\">400*300<\/td>\n<td class=\"et4\">3*CR2450<\/td>\n<td class=\"et4\">2.4G<\/td>\n<td class=\"et4\">83g<\/td>\n<td class=\"et4\">0\u2103\uff5e45\u2103<\/td>\n<\/tr>\n<tr style=\"height: 14.40pt;\">\n<td class=\"et3\" style=\"height: 14.40pt;\" height=\"24\">5,83 pulgadas<\/td>\n<td class=\"et4\">132,8*111,5*10,7 mm<\/td>\n<td class=\"et4\">Negro\/Blanco\/Rojo<\/td>\n<td class=\"et4\">648*480<\/td>\n<td class=\"et4\">3*CR2450<\/td>\n<td class=\"et4\">2.4G<\/td>\n<td class=\"et4\">122.1g<\/td>\n<td class=\"et4\">0\u2103\uff5e45\u2103<\/td>\n<\/tr>\n<tr style=\"height: 14.40pt;\">\n<td class=\"et3\" style=\"height: 14.40pt;\" height=\"24\">7,5 pulgadas<\/td>\n<td class=\"et4\">177,6*123,2*10,7 mm<\/td>\n<td class=\"et4\">Negro\/Blanco\/Rojo<\/td>\n<td class=\"et4\">800*480<\/td>\n<td class=\"et4\">3*CR2450<\/td>\n<td class=\"et4\">2.4G<\/td>\n<td class=\"et4\">168.9g<\/td>\n<td class=\"et4\">0\u2103\uff5e45\u2103<\/td>\n<\/tr>\n<tr style=\"height: 14.40pt;\">\n<td class=\"et3\" style=\"height: 14.40pt;\" height=\"24\">10,2 pulgadas<\/td>\n<td class=\"et4\">236,78*175,38*15,6 mm<\/td>\n<td class=\"et4\">Negro\/Blanco\/Rojo<\/td>\n<td class=\"et4\">960*640<\/td>\n<td class=\"et4\">Bater\u00eda de litio de 3000 mAh<\/td>\n<td class=\"et4\">2.4G<\/td>\n<td class=\"et4\">450g<\/td>\n<td class=\"et4\">0\u2103\uff5e45\u2103<\/td>\n<\/tr>\n<\/tbody>\n<\/table>","protected":false},"excerpt":{"rendered":"<h5>Revolucione el comercio minorista con el sistema electr\u00f3nico de etiquetas para estanter\u00edas Tocvue E-Ink de 3 colores. Con una <span class=\"index_module_idAiSummary__content__p__bold__01115bb2\">Pantalla Eink de 3 colores<\/span>, comunicaci\u00f3n de protocolo privado de 2,4 GHz y un ciclo de vida de la bater\u00eda de m\u00e1s de 3~5 a\u00f1os, esta soluci\u00f3n ESL garantiza la eficacia y la precisi\u00f3n de los supermercados.<\/h5>\n<h5>Etiqueta de tinta electr\u00f3nica con gancho plegable y soporte de pie<\/h5>","protected":false},"featured_media":1422,"comment_status":"open","ping_status":"closed","template":"","meta":[],"product_brand":[],"product_cat":[256],"product_tag":[265,257,262,259,264,261,263,258,260],"class_list":{"0":"post-1414","1":"product","2":"type-product","3":"status-publish","4":"has-post-thumbnail","6":"product_cat-accessories","7":"product_tag-2-13-2-66-2-9-4-2-esl-eink-screen-shelf-label","8":"product_tag-3-color-e-ink-electronic-shelf-labels","9":"product_tag-3-color-esl-digital","10":"product_tag-e-ink-digital-label","11":"product_tag-electronic-price-tag","12":"product_tag-epaper-demo-kit-display-system","13":"product_tag-epaper-price-tag","14":"product_tag-esl-supermarket","15":"product_tag-price-tag","17":"first","18":"instock","19":"shipping-taxable","20":"product-type-simple"},"yoast_head":"<!-- This site is optimized with the Yoast SEO plugin v25.6 - https:\/\/yoast.com\/wordpress\/plugins\/seo\/ -->\n<title>Electronic Shelf Labels , Digital Shelf Labels, 3 Color ESL Digital E Ink Epaper, Price Tag ESL Electronic Shelf Label for Stores - simpo-data.com<\/title>\n<meta name=\"robots\" content=\"index, follow, max-snippet:-1, max-image-preview:large, max-video-preview:-1\" \/>\n<link rel=\"canonical\" href=\"https:\/\/simpo-data.com\/es\/products\/accessories\/3-color-e-ink-electronic-shelf-labels-esl-supermarket-e-ink-digital-label-price-tag-epaper-demo-kit-display-system\/\" \/>\n<meta property=\"og:locale\" content=\"es_ES\" \/>\n<meta property=\"og:type\" content=\"article\" \/>\n<meta property=\"og:title\" content=\"Electronic Shelf Labels , Digital Shelf Labels, 3 Color ESL Digital E Ink Epaper, Price Tag ESL Electronic Shelf Label for Stores - simpo-data.com\" \/>\n<meta property=\"og:description\" content=\"Revolutionize retail with the Tocvue 3-Color E-Ink Electronic Shelf Label System. Featuring a 3-color Eink display, 2.4GHz private protocol communication, and a battery life cycle of over 3~5 years, this ESL solution ensures efficiency and accuracy for supermarkets. E Ink Label with Foldable Hang Hook &amp; Standing Bracket\" \/>\n<meta property=\"og:url\" content=\"https:\/\/simpo-data.com\/es\/products\/accessories\/3-color-e-ink-electronic-shelf-labels-esl-supermarket-e-ink-digital-label-price-tag-epaper-demo-kit-display-system\/\" \/>\n<meta property=\"og:site_name\" content=\"simpo-data.com\" \/>\n<meta property=\"article:modified_time\" content=\"2025-09-28T09:53:55+00:00\" \/>\n<meta property=\"og:image\" content=\"https:\/\/simpo-data.com\/wp-content\/uploads\/2025\/09\/1.jpg\" \/>\n\t<meta property=\"og:image:width\" content=\"800\" \/>\n\t<meta property=\"og:image:height\" content=\"800\" \/>\n\t<meta property=\"og:image:type\" content=\"image\/jpeg\" \/>\n<meta name=\"twitter:card\" content=\"summary_large_image\" \/>\n<meta name=\"twitter:label1\" content=\"Tiempo de lectura\" \/>\n\t<meta name=\"twitter:data1\" content=\"1 minuto\" \/>\n<script type=\"application\/ld+json\" class=\"yoast-schema-graph\">{\"@context\":\"https:\/\/schema.org\",\"@graph\":[{\"@type\":\"WebPage\",\"@id\":\"https:\/\/simpo-data.com\/it\/products\/accessories\/3-color-e-ink-electronic-shelf-labels-esl-supermarket-e-ink-digital-label-price-tag-epaper-demo-kit-display-system\/\",\"url\":\"https:\/\/simpo-data.com\/it\/products\/accessories\/3-color-e-ink-electronic-shelf-labels-esl-supermarket-e-ink-digital-label-price-tag-epaper-demo-kit-display-system\/\",\"name\":\"Electronic Shelf Labels , Digital Shelf Labels, 3 Color ESL Digital E Ink Epaper, Price Tag ESL Electronic Shelf Label for Stores - simpo-data.com\",\"isPartOf\":{\"@id\":\"https:\/\/simpo-data.com\/#website\"},\"primaryImageOfPage\":{\"@id\":\"https:\/\/simpo-data.com\/it\/products\/accessories\/3-color-e-ink-electronic-shelf-labels-esl-supermarket-e-ink-digital-label-price-tag-epaper-demo-kit-display-system\/#primaryimage\"},\"image\":{\"@id\":\"https:\/\/simpo-data.com\/it\/products\/accessories\/3-color-e-ink-electronic-shelf-labels-esl-supermarket-e-ink-digital-label-price-tag-epaper-demo-kit-display-system\/#primaryimage\"},\"thumbnailUrl\":\"https:\/\/simpo-data.com\/wp-content\/uploads\/2025\/09\/1.jpg\",\"datePublished\":\"2025-09-28T09:52:33+00:00\",\"dateModified\":\"2025-09-28T09:53:55+00:00\",\"breadcrumb\":{\"@id\":\"https:\/\/simpo-data.com\/it\/products\/accessories\/3-color-e-ink-electronic-shelf-labels-esl-supermarket-e-ink-digital-label-price-tag-epaper-demo-kit-display-system\/#breadcrumb\"},\"inLanguage\":\"es\",\"potentialAction\":[{\"@type\":\"ReadAction\",\"target\":[\"https:\/\/simpo-data.com\/it\/products\/accessories\/3-color-e-ink-electronic-shelf-labels-esl-supermarket-e-ink-digital-label-price-tag-epaper-demo-kit-display-system\/\"]}]},{\"@type\":\"ImageObject\",\"inLanguage\":\"es\",\"@id\":\"https:\/\/simpo-data.com\/it\/products\/accessories\/3-color-e-ink-electronic-shelf-labels-esl-supermarket-e-ink-digital-label-price-tag-epaper-demo-kit-display-system\/#primaryimage\",\"url\":\"https:\/\/simpo-data.com\/wp-content\/uploads\/2025\/09\/1.jpg\",\"contentUrl\":\"https:\/\/simpo-data.com\/wp-content\/uploads\/2025\/09\/1.jpg\",\"width\":800,\"height\":800},{\"@type\":\"BreadcrumbList\",\"@id\":\"https:\/\/simpo-data.com\/it\/products\/accessories\/3-color-e-ink-electronic-shelf-labels-esl-supermarket-e-ink-digital-label-price-tag-epaper-demo-kit-display-system\/#breadcrumb\",\"itemListElement\":[{\"@type\":\"ListItem\",\"position\":1,\"name\":\"\u9996\u9875\",\"item\":\"https:\/\/simpo-data.com\/\"},{\"@type\":\"ListItem\",\"position\":2,\"name\":\"Products\",\"item\":\"https:\/\/simpo-data.com\/products\/\"},{\"@type\":\"ListItem\",\"position\":3,\"name\":\"Electronic Shelf Labels , Digital Shelf Labels, 3 Color ESL Digital E Ink Epaper, Price Tag ESL Electronic Shelf Label for Stores\"}]},{\"@type\":\"WebSite\",\"@id\":\"https:\/\/simpo-data.com\/#website\",\"url\":\"https:\/\/simpo-data.com\/\",\"name\":\"simpo-data.com\",\"description\":\"\",\"potentialAction\":[{\"@type\":\"SearchAction\",\"target\":{\"@type\":\"EntryPoint\",\"urlTemplate\":\"https:\/\/simpo-data.com\/?s={search_term_string}\"},\"query-input\":{\"@type\":\"PropertyValueSpecification\",\"valueRequired\":true,\"valueName\":\"search_term_string\"}}],\"inLanguage\":\"es\"}]}<\/script>\n<!-- \/ Yoast SEO plugin. -->","yoast_head_json":{"title":"Electronic Shelf Labels , Digital Shelf Labels, 3 Color ESL Digital E Ink Epaper, Price Tag ESL Electronic Shelf Label for Stores - simpo-data.com","robots":{"index":"index","follow":"follow","max-snippet":"max-snippet:-1","max-image-preview":"max-image-preview:large","max-video-preview":"max-video-preview:-1"},"canonical":"https:\/\/simpo-data.com\/es\/products\/accessories\/3-color-e-ink-electronic-shelf-labels-esl-supermarket-e-ink-digital-label-price-tag-epaper-demo-kit-display-system\/","og_locale":"es_ES","og_type":"article","og_title":"Electronic Shelf Labels , Digital Shelf Labels, 3 Color ESL Digital E Ink Epaper, Price Tag ESL Electronic Shelf Label for Stores - simpo-data.com","og_description":"Revolutionize retail with the Tocvue 3-Color E-Ink Electronic Shelf Label System. Featuring a 3-color Eink display, 2.4GHz private protocol communication, and a battery life cycle of over 3~5 years, this ESL solution ensures efficiency and accuracy for supermarkets. E Ink Label with Foldable Hang Hook &amp; Standing Bracket","og_url":"https:\/\/simpo-data.com\/es\/products\/accessories\/3-color-e-ink-electronic-shelf-labels-esl-supermarket-e-ink-digital-label-price-tag-epaper-demo-kit-display-system\/","og_site_name":"simpo-data.com","article_modified_time":"2025-09-28T09:53:55+00:00","og_image":[{"width":800,"height":800,"url":"https:\/\/simpo-data.com\/wp-content\/uploads\/2025\/09\/1.jpg","type":"image\/jpeg"}],"twitter_card":"summary_large_image","twitter_misc":{"Tiempo de lectura":"1 minuto"},"schema":{"@context":"https:\/\/schema.org","@graph":[{"@type":"WebPage","@id":"https:\/\/simpo-data.com\/it\/products\/accessories\/3-color-e-ink-electronic-shelf-labels-esl-supermarket-e-ink-digital-label-price-tag-epaper-demo-kit-display-system\/","url":"https:\/\/simpo-data.com\/it\/products\/accessories\/3-color-e-ink-electronic-shelf-labels-esl-supermarket-e-ink-digital-label-price-tag-epaper-demo-kit-display-system\/","name":"Electronic Shelf Labels , Digital Shelf Labels, 3 Color ESL Digital E Ink Epaper, Price Tag ESL Electronic Shelf Label for Stores - simpo-data.com","isPartOf":{"@id":"https:\/\/simpo-data.com\/#website"},"primaryImageOfPage":{"@id":"https:\/\/simpo-data.com\/it\/products\/accessories\/3-color-e-ink-electronic-shelf-labels-esl-supermarket-e-ink-digital-label-price-tag-epaper-demo-kit-display-system\/#primaryimage"},"image":{"@id":"https:\/\/simpo-data.com\/it\/products\/accessories\/3-color-e-ink-electronic-shelf-labels-esl-supermarket-e-ink-digital-label-price-tag-epaper-demo-kit-display-system\/#primaryimage"},"thumbnailUrl":"https:\/\/simpo-data.com\/wp-content\/uploads\/2025\/09\/1.jpg","datePublished":"2025-09-28T09:52:33+00:00","dateModified":"2025-09-28T09:53:55+00:00","breadcrumb":{"@id":"https:\/\/simpo-data.com\/it\/products\/accessories\/3-color-e-ink-electronic-shelf-labels-esl-supermarket-e-ink-digital-label-price-tag-epaper-demo-kit-display-system\/#breadcrumb"},"inLanguage":"es","potentialAction":[{"@type":"ReadAction","target":["https:\/\/simpo-data.com\/it\/products\/accessories\/3-color-e-ink-electronic-shelf-labels-esl-supermarket-e-ink-digital-label-price-tag-epaper-demo-kit-display-system\/"]}]},{"@type":"ImageObject","inLanguage":"es","@id":"https:\/\/simpo-data.com\/it\/products\/accessories\/3-color-e-ink-electronic-shelf-labels-esl-supermarket-e-ink-digital-label-price-tag-epaper-demo-kit-display-system\/#primaryimage","url":"https:\/\/simpo-data.com\/wp-content\/uploads\/2025\/09\/1.jpg","contentUrl":"https:\/\/simpo-data.com\/wp-content\/uploads\/2025\/09\/1.jpg","width":800,"height":800},{"@type":"BreadcrumbList","@id":"https:\/\/simpo-data.com\/it\/products\/accessories\/3-color-e-ink-electronic-shelf-labels-esl-supermarket-e-ink-digital-label-price-tag-epaper-demo-kit-display-system\/#breadcrumb","itemListElement":[{"@type":"ListItem","position":1,"name":"\u9996\u9875","item":"https:\/\/simpo-data.com\/"},{"@type":"ListItem","position":2,"name":"Products","item":"https:\/\/simpo-data.com\/products\/"},{"@type":"ListItem","position":3,"name":"Electronic Shelf Labels , Digital Shelf Labels, 3 Color ESL Digital E Ink Epaper, Price Tag ESL Electronic Shelf Label for Stores"}]},{"@type":"WebSite","@id":"https:\/\/simpo-data.com\/#website","url":"https:\/\/simpo-data.com\/","name":"simpo-data.com","description":"","potentialAction":[{"@type":"SearchAction","target":{"@type":"EntryPoint","urlTemplate":"https:\/\/simpo-data.com\/?s={search_term_string}"},"query-input":{"@type":"PropertyValueSpecification","valueRequired":true,"valueName":"search_term_string"}}],"inLanguage":"es"}]}},"_links":{"self":[{"href":"https:\/\/simpo-data.com\/es\/wp-json\/wp\/v2\/product\/1414","targetHints":{"allow":["GET"]}}],"collection":[{"href":"https:\/\/simpo-data.com\/es\/wp-json\/wp\/v2\/product"}],"about":[{"href":"https:\/\/simpo-data.com\/es\/wp-json\/wp\/v2\/types\/product"}],"replies":[{"embeddable":true,"href":"https:\/\/simpo-data.com\/es\/wp-json\/wp\/v2\/comments?post=1414"}],"wp:featuredmedia":[{"embeddable":true,"href":"https:\/\/simpo-data.com\/es\/wp-json\/wp\/v2\/media\/1422"}],"wp:attachment":[{"href":"https:\/\/simpo-data.com\/es\/wp-json\/wp\/v2\/media?parent=1414"}],"wp:term":[{"taxonomy":"product_brand","embeddable":true,"href":"https:\/\/simpo-data.com\/es\/wp-json\/wp\/v2\/product_brand?post=1414"},{"taxonomy":"product_cat","embeddable":true,"href":"https:\/\/simpo-data.com\/es\/wp-json\/wp\/v2\/product_cat?post=1414"},{"taxonomy":"product_tag","embeddable":true,"href":"https:\/\/simpo-data.com\/es\/wp-json\/wp\/v2\/product_tag?post=1414"}],"curies":[{"name":"wp","href":"https:\/\/api.w.org\/{rel}","templated":true}]}}