{"id":1319,"date":"2025-06-25T14:41:39","date_gmt":"2025-06-25T06:41:39","guid":{"rendered":"https:\/\/simpo-data.com\/?post_type=product&#038;p=1319"},"modified":"2025-08-09T10:03:08","modified_gmt":"2025-08-09T02:03:08","slug":"g80-rugged-tablet","status":"publish","type":"product","link":"https:\/\/simpo-data.com\/fr\/products\/pos-types\/all-in-one-pos\/g80-rugged-tablet\/","title":{"rendered":"Tablette durcie G80"},"content":{"rendered":"<table width=\"1040\">\n<tbody>\n<tr>\n<td colspan=\"3\" width=\"1040\">Mod\u00e8le n\u00b0.. : Tablette robuste G80<\/td>\n<\/tr>\n<tr>\n<td>Objet<\/td>\n<td colspan=\"2\">Param\u00e8tres<\/td>\n<\/tr>\n<tr>\n<td width=\"354\">UNIT\u00c9 CENTRALE<\/td>\n<td colspan=\"2\" width=\"686\">Intel JASPER LAKE N5100, 4 MB SmartCache, jusqu'\u00e0 2.8GHz<\/td>\n<\/tr>\n<tr>\n<td width=\"354\">RAM<\/td>\n<td colspan=\"2\" width=\"686\">8G<\/td>\n<\/tr>\n<tr>\n<td width=\"354\">Disque dur<\/td>\n<td colspan=\"2\" width=\"686\">128G SSD<\/td>\n<\/tr>\n<tr>\n<td width=\"354\">\u00c9cran d'affichage<\/td>\n<td colspan=\"2\" width=\"686\">\u00c9cran IPS de 8 pouces, 16:10, 700cd\/\u33a1<\/td>\n<\/tr>\n<tr>\n<td width=\"354\">R\u00e9solution<\/td>\n<td colspan=\"2\" width=\"686\">800*1280<\/td>\n<\/tr>\n<tr>\n<td width=\"354\">\u00c9cran tactile<\/td>\n<td colspan=\"2\" width=\"686\">\u00c9cran tactile capacitif 10 points, G+G, verre gorilla, duret\u00e9 7H<\/td>\n<\/tr>\n<tr>\n<td width=\"354\">Appareil photo (avant)<\/td>\n<td colspan=\"2\" width=\"686\">5.0MP<\/td>\n<\/tr>\n<tr>\n<td width=\"354\">Appareil photo (arri\u00e8re)<\/td>\n<td colspan=\"2\" width=\"686\">8,0 MPX<\/td>\n<\/tr>\n<tr>\n<td width=\"354\">Capteur G<\/td>\n<td colspan=\"2\" width=\"686\">Soutien<\/td>\n<\/tr>\n<tr>\n<td width=\"354\">Scanner<\/td>\n<td colspan=\"2\" width=\"686\">Scanner 2D Zebra<\/td>\n<\/tr>\n<tr>\n<td width=\"354\">Batterie<\/td>\n<td colspan=\"2\" width=\"686\">Batterie lithium-ion polym\u00e8re int\u00e9gr\u00e9e<\/td>\n<\/tr>\n<tr>\n<td width=\"354\">Capacit\u00e9 de la batterie<\/td>\n<td colspan=\"2\" width=\"686\">7,6V 5000mAh<\/td>\n<\/tr>\n<tr>\n<td width=\"354\">Autonomie de la batterie<\/td>\n<td colspan=\"2\" width=\"686\">6 heures (la vid\u00e9o 1080P est lue \u00e0 une luminosit\u00e9 de 50% par d\u00e9faut)<\/td>\n<\/tr>\n<tr>\n<td width=\"354\">Soutien au syst\u00e8me d'exploitation (ne comprend pas le syst\u00e8me d'exploitation)<\/td>\n<td colspan=\"2\" width=\"686\">Windows 10\/11<\/td>\n<\/tr>\n<tr>\n<td colspan=\"3\">Connexions r\u00e9seau<\/td>\n<\/tr>\n<tr>\n<td width=\"354\">Wi-Fi<\/td>\n<td colspan=\"2\" width=\"686\">802.11a\/b\/g\/n\/ac 2.4G+5G WiFi<\/td>\n<\/tr>\n<tr>\n<td width=\"354\">Bluetooth<\/td>\n<td colspan=\"2\" width=\"686\">Prise en charge, distance de transmission : 10m<\/td>\n<\/tr>\n<tr>\n<td width=\"354\">4G<\/td>\n<td colspan=\"2\" width=\"686\">Module TD-LTE<\/td>\n<\/tr>\n<tr>\n<td width=\"354\">GNSS<\/td>\n<td colspan=\"2\" width=\"686\">Prise en charge du GPS et du Glonass<\/td>\n<\/tr>\n<tr>\n<td colspan=\"3\">Configuration de l'interface<\/td>\n<\/tr>\n<tr>\n<td width=\"354\">Prise pour carte m\u00e9moire (m\u00e9moire externe)<\/td>\n<td colspan=\"2\" width=\"686\">Emplacement pour carte TF x1, jusqu'\u00e0 256 Go<\/td>\n<\/tr>\n<tr>\n<td width=\"354\">Interface USB<\/td>\n<td colspan=\"2\" width=\"686\">TYPE-C, Chargement et transmission de donn\u00e9es<\/td>\n<\/tr>\n<tr>\n<td width=\"354\">Interface USB<\/td>\n<td colspan=\"2\" width=\"686\">USB Type-A 2.0<\/td>\n<\/tr>\n<tr>\n<td width=\"354\">Prise pour carte SIM<\/td>\n<td colspan=\"2\" width=\"686\">Emplacement pour carte micro SIM x1<\/td>\n<\/tr>\n<tr>\n<td width=\"354\">Prise pour casque d'\u00e9coute<\/td>\n<td colspan=\"2\" width=\"686\">\u222e Prise casque standard de 3,5 mm<\/td>\n<\/tr>\n<tr>\n<td width=\"354\">Connecteur DC1<\/td>\n<td colspan=\"2\" width=\"686\">12PIN Pogo Pin<\/td>\n<\/tr>\n<tr>\n<td width=\"354\">HDMI<\/td>\n<td colspan=\"2\" width=\"686\">Mini HDMI 1.4a x1<\/td>\n<\/tr>\n<tr>\n<td width=\"354\">Ethernet<\/td>\n<td colspan=\"2\" width=\"686\">RJ45 x1, 10\/100M<\/td>\n<\/tr>\n<tr>\n<td colspan=\"3\">Autres<\/td>\n<\/tr>\n<tr>\n<td width=\"354\">Temp\u00e9rature de fonctionnement<\/td>\n<td colspan=\"2\" width=\"686\">- 10\u2103~50\u2103<\/td>\n<\/tr>\n<tr>\n<td width=\"354\">Temp\u00e9rature de stockage<\/td>\n<td colspan=\"2\" width=\"686\">- 20\u2103~60\u2103<\/td>\n<\/tr>\n<tr>\n<td width=\"354\">Humidit\u00e9<\/td>\n<td colspan=\"2\" width=\"686\">5%\uff5e95%RH<\/td>\n<\/tr>\n<tr>\n<td width=\"354\">Imperm\u00e9able \u00e0 l'eau<\/td>\n<td colspan=\"2\" width=\"686\">IP67<\/td>\n<\/tr>\n<tr>\n<td width=\"354\">Niveau de protection<\/td>\n<td colspan=\"2\" width=\"686\">MIL-STD-810G<\/td>\n<\/tr>\n<tr>\n<td width=\"354\">Test de chute<\/td>\n<td colspan=\"2\" width=\"686\">R\u00e9sistance aux chutes de 1,22 m, sur le sol en bois stratifi\u00e9<\/td>\n<\/tr>\n<tr>\n<td>Alimentation \u00e9lectrique<\/td>\n<td colspan=\"2\">D\u00e9charge de contact : \u00b15kV \u3001D\u00e9charge d'air : \u00b110kV<\/td>\n<\/tr>\n<tr>\n<td colspan=\"3\">Forme du produit<\/td>\n<\/tr>\n<tr>\n<td>N.W<\/td>\n<td colspan=\"2\" width=\"686\">900g<\/td>\n<\/tr>\n<tr>\n<td>G.W<\/td>\n<td colspan=\"2\" width=\"686\">2350g<\/td>\n<\/tr>\n<tr>\n<td>Dimensions<\/td>\n<td colspan=\"2\" width=\"686\">236,5*156*23mm<\/td>\n<\/tr>\n<tr>\n<td>Taille de l'emballage (bo\u00eete)<\/td>\n<td colspan=\"2\" width=\"686\">280*210*70mm*1 Bo\u00eete<\/td>\n<\/tr>\n<\/tbody>\n<\/table>\n<p>SIMPO-DATA est un fabricant de pointe qui se consacre \u00e0 la recherche et au d\u00e9veloppement, \u00e0 la production, \u00e0 la vente et au service apr\u00e8s-vente de syst\u00e8mes POS (Point of Sale) avanc\u00e9s. Avec plus d'une d\u00e9cennie d'exp\u00e9rience dans l'industrie, nous nous sommes forg\u00e9 une solide r\u00e9putation en fournissant des solutions POS fiables, innovantes et performantes \u00e0 nos clients dans le monde entier.<\/p>\n<p>Depuis notre cr\u00e9ation, nous avons adh\u00e9r\u00e9 \u00e0 la philosophie d'entreprise \"La qualit\u00e9 cr\u00e9e le march\u00e9, l'innovation cr\u00e9e l'avenir\". Cet engagement nous pousse \u00e0 am\u00e9liorer continuellement nos produits et \u00e0 \u00e9largir notre offre pour r\u00e9pondre aux diverses demandes des march\u00e9s mondiaux. Notre gamme compl\u00e8te de produits couvre un large \u00e9ventail de secteurs, notamment la vente au d\u00e9tail, la restauration, les supermarch\u00e9s, l'h\u00f4tellerie, l'alimentation et les boissons, ainsi que la logistique. Que vous soyez \u00e0 la t\u00eate d'une petite entreprise ou que vous g\u00e9riez une grande cha\u00eene de magasins, SIMPO-DATA a la solution POS qu'il vous faut.<\/p>\n<p>Gamme de produits \u00e9tendue<br \/>\nNotre gamme de produits POS comprend des terminaux POS tout-en-un, des \u00e9crans tactiles, des imprimantes thermiques de re\u00e7us, des lecteurs de codes-barres, des tiroirs-caisses et des dispositifs POS mobiles. Nous fournissons des syst\u00e8mes POS complets et int\u00e9gr\u00e9s ainsi que des composants individuels, ce qui vous permet de personnaliser la solution qui correspond le mieux \u00e0 votre mod\u00e8le d'entreprise.En plus de la tablette durcie G80 \uff0c<a href=\"https:\/\/simpo-data.com\/fr\/products\/\" target=\"_blank\" rel=\"noopener\">Cliquez ici pour voir plus de produits.<\/a><\/p>\n<p>L'innovation au c\u0153ur de l'action<br \/>\nNotre \u00e9quipe professionnelle de recherche et d\u00e9veloppement s'engage \u00e0 innover en permanence en mati\u00e8re de conception, de performance et d'exp\u00e9rience utilisateur. En restant \u00e0 l'avant-garde des tendances du march\u00e9 et des avanc\u00e9es technologiques, nous nous assurons que les produits SIMPO-DATA restent comp\u00e9titifs et pr\u00eats pour l'avenir. Chaque produit est d\u00e9velopp\u00e9 avec une attention particuli\u00e8re aux d\u00e9tails - du design ergonomique et des interfaces intuitives aux performances stables du syst\u00e8me et \u00e0 l'efficacit\u00e9 \u00e9nerg\u00e9tique.<\/p>\n<p>Une qualit\u00e9 \u00e0 laquelle vous pouvez faire confiance<br \/>\nLa qualit\u00e9 est notre priorit\u00e9 absolue. De la s\u00e9lection des mati\u00e8res premi\u00e8res \u00e0 la production finale, chaque \u00e9tape est soumise \u00e0 des proc\u00e9dures strictes de contr\u00f4le de la qualit\u00e9. Nos installations de fabrication sont \u00e9quip\u00e9es d'un mat\u00e9riel d'essai de pointe pour garantir que chaque produit r\u00e9pond aux normes de qualit\u00e9 internationales et offre des performances durables.<\/p>\n<p>Service et assistance au niveau mondial<br \/>\nChez SIMPO-DATA, nous ne nous contentons pas de vendre des produits - nous fournissons des solutions compl\u00e8tes et un support apr\u00e8s-vente fiable. Notre \u00e9quipe d'ing\u00e9nieurs exp\u00e9riment\u00e9s et de sp\u00e9cialistes du service client est pr\u00eate \u00e0 vous assister dans l'installation, la formation, la maintenance et le support technique. Notre objectif est d'aider nos partenaires \u00e0 maximiser leur efficacit\u00e9, \u00e0 r\u00e9duire leurs co\u00fbts et \u00e0 am\u00e9liorer la satisfaction de leurs clients.<\/p>\n<p>Pourquoi choisir SIMPO-DATA ?<\/p>\n<p>Plus de 10 ans d'expertise dans le secteur des points de vente<\/p>\n<p>De fortes capacit\u00e9s de R&amp;D avec une innovation continue<\/p>\n<p>Gamme compl\u00e8te de produits couvrant plusieurs secteurs d'activit\u00e9<\/p>\n<p>Contr\u00f4le de qualit\u00e9 strict et respect des normes internationales<\/p>\n<p>\u00c9quipe professionnelle de vente et d'assistance technique \u00e0 l'\u00e9chelle mondiale<\/p>\n<p>Associez-vous \u00e0 SIMPO-DATA et laissez nos solutions de point de vente dynamiser vos op\u00e9rations commerciales. Ensemble, nous pouvons vous aider \u00e0 rationaliser les transactions, \u00e0 am\u00e9liorer l'efficacit\u00e9 op\u00e9rationnelle et \u00e0 offrir une exp\u00e9rience client exceptionnelle.<\/p>","protected":false},"excerpt":{"rendered":"<p>Processeur Intel Jasper Lake Celeron<br \/>\n\u00c9cran LCD HD de 10,1\u2033 avec \u00e9cran tactile capacitif<br \/>\nBatterie amovible de grande capacit\u00e9<br \/>\nEn option, code-barres 2D, RFID (HF\/UHF), carte d'identit\u00e9, module d'empreintes digitales<br \/>\nCertifi\u00e9 IP67 et MIL-STD-810<\/p>","protected":false},"featured_media":1312,"comment_status":"open","ping_status":"closed","template":"","meta":[],"product_brand":[],"product_cat":[183,174,175,180],"product_tag":[213,212,216,214,211,255,215],"class_list":{"0":"post-1319","1":"product","2":"type-product","3":"status-publish","4":"has-post-thumbnail","6":"product_cat-all-in-one-pos","7":"product_cat-pos-system","8":"product_cat-touch-monitor","9":"product_cat-windows-pos","10":"product_tag-easy-to-use-pos-systems","11":"product_tag-merchant-point-of-sale","12":"product_tag-merchant-services-payment-device","13":"product_tag-payment-systems","14":"product_tag-pos-for-retail","15":"product_tag-rugged-tablet","16":"product_tag-touch-screen-pos","18":"first","19":"instock","20":"shipping-taxable","21":"product-type-simple"},"yoast_head":"<!-- This site is optimized with the Yoast SEO plugin v25.6 - https:\/\/yoast.com\/wordpress\/plugins\/seo\/ -->\n<title>G80 Rugged Tablet - simpo-data.com<\/title>\n<meta name=\"description\" content=\"G80 Rugged Tablet - all-in-one POS terminals, touch screen monitors, thermal receipt printers, barcode scanners, cash drawers, and mobile POS devices\" \/>\n<meta name=\"robots\" content=\"index, follow, max-snippet:-1, max-image-preview:large, max-video-preview:-1\" \/>\n<link rel=\"canonical\" href=\"https:\/\/simpo-data.com\/fr\/products\/pos-types\/all-in-one-pos\/g80-rugged-tablet\/\" \/>\n<meta property=\"og:locale\" content=\"fr_FR\" \/>\n<meta property=\"og:type\" content=\"article\" \/>\n<meta property=\"og:title\" content=\"G80 Rugged Tablet - simpo-data.com\" \/>\n<meta property=\"og:description\" content=\"G80 Rugged Tablet - all-in-one POS terminals, touch screen monitors, thermal receipt printers, barcode scanners, cash drawers, and mobile POS devices\" \/>\n<meta property=\"og:url\" content=\"https:\/\/simpo-data.com\/fr\/products\/pos-types\/all-in-one-pos\/g80-rugged-tablet\/\" \/>\n<meta property=\"og:site_name\" content=\"simpo-data.com\" \/>\n<meta property=\"article:modified_time\" content=\"2025-08-09T02:03:08+00:00\" \/>\n<meta property=\"og:image\" content=\"https:\/\/simpo-data.com\/wp-content\/uploads\/2025\/06\/1.png\" \/>\n\t<meta property=\"og:image:width\" content=\"500\" \/>\n\t<meta property=\"og:image:height\" content=\"281\" \/>\n\t<meta property=\"og:image:type\" content=\"image\/png\" \/>\n<meta name=\"twitter:card\" content=\"summary_large_image\" \/>\n<meta name=\"twitter:label1\" content=\"Dur\u00e9e de lecture estim\u00e9e\" \/>\n\t<meta name=\"twitter:data1\" content=\"3 minutes\" \/>\n<script type=\"application\/ld+json\" class=\"yoast-schema-graph\">{\"@context\":\"https:\/\/schema.org\",\"@graph\":[{\"@type\":\"WebPage\",\"@id\":\"https:\/\/simpo-data.com\/ru\/products\/pos-types\/all-in-one-pos\/g80-rugged-tablet\/\",\"url\":\"https:\/\/simpo-data.com\/ru\/products\/pos-types\/all-in-one-pos\/g80-rugged-tablet\/\",\"name\":\"G80 Rugged Tablet - simpo-data.com\",\"isPartOf\":{\"@id\":\"https:\/\/simpo-data.com\/#website\"},\"primaryImageOfPage\":{\"@id\":\"https:\/\/simpo-data.com\/ru\/products\/pos-types\/all-in-one-pos\/g80-rugged-tablet\/#primaryimage\"},\"image\":{\"@id\":\"https:\/\/simpo-data.com\/ru\/products\/pos-types\/all-in-one-pos\/g80-rugged-tablet\/#primaryimage\"},\"thumbnailUrl\":\"https:\/\/simpo-data.com\/wp-content\/uploads\/2025\/06\/1.png\",\"datePublished\":\"2025-06-25T06:41:39+00:00\",\"dateModified\":\"2025-08-09T02:03:08+00:00\",\"description\":\"G80 Rugged Tablet - all-in-one POS terminals, touch screen monitors, thermal receipt printers, barcode scanners, cash drawers, and mobile POS devices\",\"breadcrumb\":{\"@id\":\"https:\/\/simpo-data.com\/ru\/products\/pos-types\/all-in-one-pos\/g80-rugged-tablet\/#breadcrumb\"},\"inLanguage\":\"fr-FR\",\"potentialAction\":[{\"@type\":\"ReadAction\",\"target\":[\"https:\/\/simpo-data.com\/ru\/products\/pos-types\/all-in-one-pos\/g80-rugged-tablet\/\"]}]},{\"@type\":\"ImageObject\",\"inLanguage\":\"fr-FR\",\"@id\":\"https:\/\/simpo-data.com\/ru\/products\/pos-types\/all-in-one-pos\/g80-rugged-tablet\/#primaryimage\",\"url\":\"https:\/\/simpo-data.com\/wp-content\/uploads\/2025\/06\/1.png\",\"contentUrl\":\"https:\/\/simpo-data.com\/wp-content\/uploads\/2025\/06\/1.png\",\"width\":500,\"height\":281,\"caption\":\"our rugged tablets are crafted to withstand the harshest industrial environments, providing mobile solutions that increase productivity, enhance safety, and reduce operational costs. supported by stylus, glove, and wet-touch modes. It also features an integrated IPS 700-nit screen for clear visibility and operational comfort, regardless of the weather or application.\"},{\"@type\":\"BreadcrumbList\",\"@id\":\"https:\/\/simpo-data.com\/ru\/products\/pos-types\/all-in-one-pos\/g80-rugged-tablet\/#breadcrumb\",\"itemListElement\":[{\"@type\":\"ListItem\",\"position\":1,\"name\":\"\u9996\u9875\",\"item\":\"https:\/\/simpo-data.com\/\"},{\"@type\":\"ListItem\",\"position\":2,\"name\":\"Products\",\"item\":\"https:\/\/simpo-data.com\/products\/\"},{\"@type\":\"ListItem\",\"position\":3,\"name\":\"G80 Rugged Tablet\"}]},{\"@type\":\"WebSite\",\"@id\":\"https:\/\/simpo-data.com\/#website\",\"url\":\"https:\/\/simpo-data.com\/\",\"name\":\"simpo-data.com\",\"description\":\"\",\"potentialAction\":[{\"@type\":\"SearchAction\",\"target\":{\"@type\":\"EntryPoint\",\"urlTemplate\":\"https:\/\/simpo-data.com\/?s={search_term_string}\"},\"query-input\":{\"@type\":\"PropertyValueSpecification\",\"valueRequired\":true,\"valueName\":\"search_term_string\"}}],\"inLanguage\":\"fr-FR\"}]}<\/script>\n<!-- \/ Yoast SEO plugin. -->","yoast_head_json":{"title":"G80 Rugged Tablet - simpo-data.com","description":"G80 Rugged Tablet - all-in-one POS terminals, touch screen monitors, thermal receipt printers, barcode scanners, cash drawers, and mobile POS devices","robots":{"index":"index","follow":"follow","max-snippet":"max-snippet:-1","max-image-preview":"max-image-preview:large","max-video-preview":"max-video-preview:-1"},"canonical":"https:\/\/simpo-data.com\/fr\/products\/pos-types\/all-in-one-pos\/g80-rugged-tablet\/","og_locale":"fr_FR","og_type":"article","og_title":"G80 Rugged Tablet - simpo-data.com","og_description":"G80 Rugged Tablet - all-in-one POS terminals, touch screen monitors, thermal receipt printers, barcode scanners, cash drawers, and mobile POS devices","og_url":"https:\/\/simpo-data.com\/fr\/products\/pos-types\/all-in-one-pos\/g80-rugged-tablet\/","og_site_name":"simpo-data.com","article_modified_time":"2025-08-09T02:03:08+00:00","og_image":[{"width":500,"height":281,"url":"https:\/\/simpo-data.com\/wp-content\/uploads\/2025\/06\/1.png","type":"image\/png"}],"twitter_card":"summary_large_image","twitter_misc":{"Dur\u00e9e de lecture estim\u00e9e":"3 minutes"},"schema":{"@context":"https:\/\/schema.org","@graph":[{"@type":"WebPage","@id":"https:\/\/simpo-data.com\/ru\/products\/pos-types\/all-in-one-pos\/g80-rugged-tablet\/","url":"https:\/\/simpo-data.com\/ru\/products\/pos-types\/all-in-one-pos\/g80-rugged-tablet\/","name":"G80 Rugged Tablet - simpo-data.com","isPartOf":{"@id":"https:\/\/simpo-data.com\/#website"},"primaryImageOfPage":{"@id":"https:\/\/simpo-data.com\/ru\/products\/pos-types\/all-in-one-pos\/g80-rugged-tablet\/#primaryimage"},"image":{"@id":"https:\/\/simpo-data.com\/ru\/products\/pos-types\/all-in-one-pos\/g80-rugged-tablet\/#primaryimage"},"thumbnailUrl":"https:\/\/simpo-data.com\/wp-content\/uploads\/2025\/06\/1.png","datePublished":"2025-06-25T06:41:39+00:00","dateModified":"2025-08-09T02:03:08+00:00","description":"G80 Rugged Tablet - all-in-one POS terminals, touch screen monitors, thermal receipt printers, barcode scanners, cash drawers, and mobile POS devices","breadcrumb":{"@id":"https:\/\/simpo-data.com\/ru\/products\/pos-types\/all-in-one-pos\/g80-rugged-tablet\/#breadcrumb"},"inLanguage":"fr-FR","potentialAction":[{"@type":"ReadAction","target":["https:\/\/simpo-data.com\/ru\/products\/pos-types\/all-in-one-pos\/g80-rugged-tablet\/"]}]},{"@type":"ImageObject","inLanguage":"fr-FR","@id":"https:\/\/simpo-data.com\/ru\/products\/pos-types\/all-in-one-pos\/g80-rugged-tablet\/#primaryimage","url":"https:\/\/simpo-data.com\/wp-content\/uploads\/2025\/06\/1.png","contentUrl":"https:\/\/simpo-data.com\/wp-content\/uploads\/2025\/06\/1.png","width":500,"height":281,"caption":"our rugged tablets are crafted to withstand the harshest industrial environments, providing mobile solutions that increase productivity, enhance safety, and reduce operational costs. supported by stylus, glove, and wet-touch modes. It also features an integrated IPS 700-nit screen for clear visibility and operational comfort, regardless of the weather or application."},{"@type":"BreadcrumbList","@id":"https:\/\/simpo-data.com\/ru\/products\/pos-types\/all-in-one-pos\/g80-rugged-tablet\/#breadcrumb","itemListElement":[{"@type":"ListItem","position":1,"name":"\u9996\u9875","item":"https:\/\/simpo-data.com\/"},{"@type":"ListItem","position":2,"name":"Products","item":"https:\/\/simpo-data.com\/products\/"},{"@type":"ListItem","position":3,"name":"G80 Rugged Tablet"}]},{"@type":"WebSite","@id":"https:\/\/simpo-data.com\/#website","url":"https:\/\/simpo-data.com\/","name":"simpo-data.com","description":"","potentialAction":[{"@type":"SearchAction","target":{"@type":"EntryPoint","urlTemplate":"https:\/\/simpo-data.com\/?s={search_term_string}"},"query-input":{"@type":"PropertyValueSpecification","valueRequired":true,"valueName":"search_term_string"}}],"inLanguage":"fr-FR"}]}},"_links":{"self":[{"href":"https:\/\/simpo-data.com\/fr\/wp-json\/wp\/v2\/product\/1319","targetHints":{"allow":["GET"]}}],"collection":[{"href":"https:\/\/simpo-data.com\/fr\/wp-json\/wp\/v2\/product"}],"about":[{"href":"https:\/\/simpo-data.com\/fr\/wp-json\/wp\/v2\/types\/product"}],"replies":[{"embeddable":true,"href":"https:\/\/simpo-data.com\/fr\/wp-json\/wp\/v2\/comments?post=1319"}],"wp:featuredmedia":[{"embeddable":true,"href":"https:\/\/simpo-data.com\/fr\/wp-json\/wp\/v2\/media\/1312"}],"wp:attachment":[{"href":"https:\/\/simpo-data.com\/fr\/wp-json\/wp\/v2\/media?parent=1319"}],"wp:term":[{"taxonomy":"product_brand","embeddable":true,"href":"https:\/\/simpo-data.com\/fr\/wp-json\/wp\/v2\/product_brand?post=1319"},{"taxonomy":"product_cat","embeddable":true,"href":"https:\/\/simpo-data.com\/fr\/wp-json\/wp\/v2\/product_cat?post=1319"},{"taxonomy":"product_tag","embeddable":true,"href":"https:\/\/simpo-data.com\/fr\/wp-json\/wp\/v2\/product_tag?post=1319"}],"curies":[{"name":"wp","href":"https:\/\/api.w.org\/{rel}","templated":true}]}}