{"id":1306,"date":"2025-06-25T13:55:46","date_gmt":"2025-06-25T05:55:46","guid":{"rendered":"https:\/\/simpo-data.com\/?post_type=product&#038;p=1306"},"modified":"2025-08-09T10:05:01","modified_gmt":"2025-08-09T02:05:01","slug":"g10-rugged-tablet","status":"publish","type":"product","link":"https:\/\/simpo-data.com\/it\/prodotto\/g10-rugged-tablet\/","title":{"rendered":"Tablet robusto G10"},"content":{"rendered":"<table width=\"1040\">\n<tbody>\n<tr>\n<td colspan=\"3\" width=\"1040\">Modello n.: Compressa robusta G10<\/td>\n<\/tr>\n<tr>\n<td>Articolo<\/td>\n<td colspan=\"2\">Parametri<\/td>\n<\/tr>\n<tr>\n<td width=\"354\">CPU<\/td>\n<td colspan=\"2\" width=\"686\">Interl N5100 (4M Cache, fino a 2,80 GHz)<\/td>\n<\/tr>\n<tr>\n<td width=\"354\">RAM<\/td>\n<td colspan=\"2\" width=\"686\">8G<\/td>\n<\/tr>\n<tr>\n<td width=\"354\">Disco rigido<\/td>\n<td colspan=\"2\" width=\"686\">SSD DA 128 G<\/td>\n<\/tr>\n<tr>\n<td width=\"354\">Schermo di visualizzazione<\/td>\n<td colspan=\"2\" width=\"686\">Display TFT-LCD da 10,1 pollici, 16:10<\/td>\n<\/tr>\n<tr>\n<td width=\"354\">Risoluzione<\/td>\n<td colspan=\"2\" width=\"686\">1280*800,<\/td>\n<\/tr>\n<tr>\n<td width=\"354\">Schermo tattile<\/td>\n<td colspan=\"2\" width=\"686\">Touch screen capacitivo a 10 punti<\/td>\n<\/tr>\n<tr>\n<td width=\"354\">Fotocamera (anteriore)<\/td>\n<td colspan=\"2\" width=\"686\">5.0MP<\/td>\n<\/tr>\n<tr>\n<td width=\"354\">Fotocamera (posteriore)<\/td>\n<td colspan=\"2\" width=\"686\">8.0MP<\/td>\n<\/tr>\n<tr>\n<td width=\"354\">Scanner<\/td>\n<td colspan=\"2\" width=\"686\">Scanner 2D<\/td>\n<\/tr>\n<tr>\n<td width=\"354\">Altoparlante<\/td>\n<td colspan=\"2\" width=\"686\">Altoparlante integrato da 8\u03a9\/0,8W x 2<\/td>\n<\/tr>\n<tr>\n<td width=\"354\">Sensore G<\/td>\n<td colspan=\"2\" width=\"686\">Supporto<\/td>\n<\/tr>\n<tr>\n<td width=\"354\">Batteria<\/td>\n<td colspan=\"2\" width=\"686\">Batteria ai polimeri di litio<\/td>\n<\/tr>\n<tr>\n<td width=\"354\">Capacit\u00e0 della batteria<\/td>\n<td colspan=\"2\" width=\"686\">5000mAH<\/td>\n<\/tr>\n<tr>\n<td width=\"354\">Durata della batteria<\/td>\n<td colspan=\"2\" width=\"686\">6~8 ore<\/td>\n<\/tr>\n<tr>\n<td width=\"354\">Supporto per il sistema operativo (NON include il sistema operativo)<\/td>\n<td colspan=\"2\" width=\"686\">Windows 10\/11<\/td>\n<\/tr>\n<tr>\n<td colspan=\"3\">Connessioni di rete<\/td>\n<\/tr>\n<tr>\n<td width=\"354\">Wi-Fi<\/td>\n<td colspan=\"2\" width=\"686\">802.11a\/b\/g\/n\/ac 2.4G+5G WiFi<\/td>\n<\/tr>\n<tr>\n<td width=\"354\">Bluetooth<\/td>\n<td colspan=\"2\" width=\"686\">Supporto, distanza di trasmissione: 10m<\/td>\n<\/tr>\n<tr>\n<td width=\"354\">4G<\/td>\n<td colspan=\"2\" width=\"686\">Modulo TD-LTE<\/td>\n<\/tr>\n<tr>\n<td width=\"354\">GNSS<\/td>\n<td colspan=\"2\" width=\"686\">Supporto GPS, Glonass<\/td>\n<\/tr>\n<tr>\n<td colspan=\"3\">Configurazione dell'interfaccia<\/td>\n<\/tr>\n<tr>\n<td width=\"354\">Presa per scheda di memoria (memoria esterna)<\/td>\n<td colspan=\"2\" width=\"686\">Scheda Micro SD fino a 512G<\/td>\n<\/tr>\n<tr>\n<td width=\"354\">Interfaccia USB<\/td>\n<td colspan=\"2\" width=\"686\">TIPO-C 3.1<\/td>\n<\/tr>\n<tr>\n<td width=\"354\">Interfaccia USB<\/td>\n<td colspan=\"2\" width=\"686\">TIPO-A 3.0<\/td>\n<\/tr>\n<tr>\n<td width=\"354\">Presa della scheda SIM<\/td>\n<td colspan=\"2\" width=\"686\">Presa per scheda Nano-SIM<\/td>\n<\/tr>\n<tr>\n<td width=\"354\">Jack per cuffie<\/td>\n<td colspan=\"2\" width=\"686\">\u222e Jack per cuffie standard da 3,5 mm<\/td>\n<\/tr>\n<tr>\n<td width=\"354\">Connettore CC<\/td>\n<td colspan=\"2\" width=\"686\">Pin Pogo a 12 PIN<\/td>\n<\/tr>\n<tr>\n<td width=\"354\">Interfaccia HDMI<\/td>\n<td colspan=\"2\" width=\"686\">Mini HDMI 2.0a<\/td>\n<\/tr>\n<tr>\n<td width=\"354\">Porta COM<\/td>\n<td colspan=\"2\" width=\"686\">DB9 (RS232)<\/td>\n<\/tr>\n<tr>\n<td colspan=\"3\">Altri<\/td>\n<\/tr>\n<tr>\n<td width=\"354\">Temperatura di esercizio<\/td>\n<td colspan=\"2\" width=\"686\">- 20\u2103~60\u2103<\/td>\n<\/tr>\n<tr>\n<td width=\"354\">Temperatura di stoccaggio<\/td>\n<td colspan=\"2\" width=\"686\">- 30\u2103~70\u2103<\/td>\n<\/tr>\n<tr>\n<td width=\"354\">Umidit\u00e0<\/td>\n<td colspan=\"2\" width=\"686\">5%\uff5e95%RH<\/td>\n<\/tr>\n<tr>\n<td width=\"354\">Impermeabile<\/td>\n<td colspan=\"2\" width=\"686\">IP65<\/td>\n<\/tr>\n<tr>\n<td width=\"354\">Grado di protezione<\/td>\n<td colspan=\"2\" width=\"686\">MIL-STD-810G<\/td>\n<\/tr>\n<tr>\n<td width=\"354\">Test di caduta<\/td>\n<td colspan=\"2\" width=\"686\">Resistenza alle cadute da 1,22 m, sul pavimento in legno laminato<\/td>\n<\/tr>\n<tr>\n<td>Alimentazione<\/td>\n<td colspan=\"2\">Tipo-C 12V 4A<\/td>\n<\/tr>\n<tr>\n<td colspan=\"3\">Forma del prodotto<\/td>\n<\/tr>\n<tr>\n<td>N.W<\/td>\n<td colspan=\"2\" width=\"686\">1140g<\/td>\n<\/tr>\n<tr>\n<td>G.W<\/td>\n<td colspan=\"2\" width=\"686\">2050g<\/td>\n<\/tr>\n<tr>\n<td>Dimensioni<\/td>\n<td colspan=\"2\" width=\"686\">275*189*23,1 mm<\/td>\n<\/tr>\n<tr>\n<td>Dimensione dell'imballaggio (scatola)<\/td>\n<td colspan=\"2\" width=\"686\">330*240*70mm*1 Scatola<\/td>\n<\/tr>\n<\/tbody>\n<\/table>\n<p>SIMPO-DATA \u00e8 un produttore leader di alta tecnologia che si dedica alla ricerca e allo sviluppo, alla produzione, alla vendita e all'assistenza di sistemi POS (Point of Sale) avanzati. Con oltre un decennio di profonda esperienza nel settore, abbiamo costruito una solida reputazione per la fornitura di soluzioni POS affidabili, innovative e ad alte prestazioni ai clienti di tutto il mondo.<\/p>\n<p>Sin dalla nostra fondazione, abbiamo aderito alla filosofia aziendale \"La qualit\u00e0 crea il mercato, l'innovazione crea il futuro\". Questo impegno ci spinge a migliorare continuamente i nostri prodotti e ad ampliare la nostra offerta per soddisfare le diverse esigenze dei mercati globali. Il nostro portafoglio prodotti copre un'ampia gamma di settori, tra cui la vendita al dettaglio, la ristorazione, i supermercati, l'ospitalit\u00e0, gli alimenti e le bevande e la logistica. Che si tratti di una piccola impresa o della gestione di una grande catena, SIMPO-DATA ha la soluzione POS giusta per voi.<\/p>\n<p>Ampia gamma di prodotti<br \/>\nLa nostra linea di prodotti POS comprende terminali POS all-in-one, monitor touch screen, stampanti termiche per ricevute, scanner per codici a barre, cassetti per contanti e dispositivi POS mobili. Forniamo sistemi POS completi e integrati, oltre a singoli componenti, per consentirvi di personalizzare la soluzione pi\u00f9 adatta al vostro modello di business.<a href=\"https:\/\/simpo-data.com\/it\/products\/\" target=\"_blank\" rel=\"noopener\">Fare clic qui per visualizzare altri prodotti.<\/a><\/p>\n<p>L'innovazione al centro<br \/>\nIl nostro team professionale di ricerca e sviluppo si impegna a innovare continuamente il design, le prestazioni e l'esperienza dell'utente. Rimanendo al passo con le tendenze del mercato e i progressi tecnologici, assicuriamo che i prodotti SIMPO-DATA rimangano competitivi e pronti per il futuro. Ogni prodotto \u00e8 sviluppato con un'attenta cura dei dettagli, dal design ergonomico alle interfacce intuitive, dalle prestazioni stabili del sistema all'efficienza energetica.<\/p>\n<p>Qualit\u00e0 di cui ci si pu\u00f2 fidare<br \/>\nLa qualit\u00e0 \u00e8 la nostra priorit\u00e0 assoluta. Dalla selezione delle materie prime alla produzione finale, ogni fase \u00e8 soggetta a rigorose procedure di controllo della qualit\u00e0. I nostri impianti di produzione sono dotati di attrezzature di prova avanzate per garantire che ogni prodotto soddisfi gli standard di qualit\u00e0 internazionali e offra prestazioni durature.<\/p>\n<p>Servizio e assistenza globale<br \/>\nIn SIMPO-DATA non ci limitiamo a vendere prodotti, ma forniamo soluzioni end-to-end e un affidabile supporto post-vendita. Il nostro team di ingegneri esperti e di specialisti del servizio clienti \u00e8 pronto ad assistervi nell'installazione, nella formazione, nella manutenzione e nel supporto tecnico. Il nostro obiettivo \u00e8 aiutare i nostri partner a massimizzare l'efficienza, ridurre i costi e migliorare la soddisfazione dei clienti.<\/p>\n<p>Perch\u00e9 scegliere SIMPO-DATA?<\/p>\n<p>Oltre 10 anni di esperienza nel settore dei POS<\/p>\n<p>Forti capacit\u00e0 di ricerca e sviluppo con innovazione continua<\/p>\n<p>Una gamma completa di prodotti che copre diversi settori<\/p>\n<p>Controllo di qualit\u00e0 rigoroso e conformit\u00e0 agli standard internazionali<\/p>\n<p>Team professionale di vendita e assistenza tecnica globale<\/p>\n<p>Collaborate con SIMPO-DATA e lasciate che le nostre soluzioni POS diano potere alle vostre operazioni commerciali. Insieme, possiamo aiutarvi a snellire le transazioni, migliorare l'efficienza operativa e offrire ai clienti esperienze eccezionali.<\/p>","protected":false},"excerpt":{"rendered":"<p>Processore Intel Jasper Lake Celeron<br \/>\nDisplay LCD HD da 10,1\u2033 con touch capacitivo<br \/>\nBatteria rimovibile ad alta capacit\u00e0<br \/>\nCodice a barre 2D, RFID (HF\/UHF), carta d'identit\u00e0, modulo per impronte digitali opzionali<br \/>\nCertificazione IP67 e MIL-STD-810<\/p>","protected":false},"featured_media":1312,"comment_status":"open","ping_status":"closed","template":"","meta":[],"product_brand":[],"product_cat":[183,174,175,180],"product_tag":[213,212,216,214,211,215],"class_list":{"0":"post-1306","1":"product","2":"type-product","3":"status-publish","4":"has-post-thumbnail","6":"product_cat-all-in-one-pos","7":"product_cat-pos-system","8":"product_cat-touch-monitor","9":"product_cat-windows-pos","10":"product_tag-easy-to-use-pos-systems","11":"product_tag-merchant-point-of-sale","12":"product_tag-merchant-services-payment-device","13":"product_tag-payment-systems","14":"product_tag-pos-for-retail","15":"product_tag-touch-screen-pos","17":"first","18":"instock","19":"shipping-taxable","20":"product-type-simple"},"yoast_head":"<!-- This site is optimized with the Yoast SEO plugin v27.4 - https:\/\/yoast.com\/product\/yoast-seo-wordpress\/ -->\n<title>G10 Rugged Tablet - simpo-data.com<\/title>\n<meta name=\"description\" content=\"G10 Rugged Tablet - all-in-one POS terminals, touch screen monitors, thermal receipt printers, barcode scanners, cash drawers, and mobile POS devices\" \/>\n<meta name=\"robots\" content=\"index, follow, max-snippet:-1, max-image-preview:large, max-video-preview:-1\" \/>\n<link rel=\"canonical\" href=\"https:\/\/simpo-data.com\/it\/prodotto\/g10-rugged-tablet\/\" \/>\n<meta property=\"og:locale\" content=\"it_IT\" \/>\n<meta property=\"og:type\" content=\"article\" \/>\n<meta property=\"og:title\" content=\"G10 Rugged Tablet - simpo-data.com\" \/>\n<meta property=\"og:description\" content=\"G10 Rugged Tablet - all-in-one POS terminals, touch screen monitors, thermal receipt printers, barcode scanners, cash drawers, and mobile POS devices\" \/>\n<meta property=\"og:url\" content=\"https:\/\/simpo-data.com\/it\/prodotto\/g10-rugged-tablet\/\" \/>\n<meta property=\"og:site_name\" content=\"simpo-data.com\" \/>\n<meta property=\"article:modified_time\" content=\"2025-08-09T02:05:01+00:00\" \/>\n<meta property=\"og:image\" content=\"https:\/\/simpo-data.com\/wp-content\/uploads\/2025\/06\/1.png\" \/>\n\t<meta property=\"og:image:width\" content=\"500\" \/>\n\t<meta property=\"og:image:height\" content=\"281\" \/>\n\t<meta property=\"og:image:type\" content=\"image\/png\" \/>\n<meta name=\"twitter:card\" content=\"summary_large_image\" \/>\n<meta name=\"twitter:label1\" content=\"Tempo di lettura stimato\" \/>\n\t<meta name=\"twitter:data1\" content=\"3 minuti\" \/>\n<script type=\"application\/ld+json\" class=\"yoast-schema-graph\">{\"@context\":\"https:\\\/\\\/schema.org\",\"@graph\":[{\"@type\":\"WebPage\",\"@id\":\"https:\\\/\\\/simpo-data.com\\\/product\\\/g10-rugged-tablet\\\/\",\"url\":\"https:\\\/\\\/simpo-data.com\\\/product\\\/g10-rugged-tablet\\\/\",\"name\":\"G10 Rugged Tablet - simpo-data.com\",\"isPartOf\":{\"@id\":\"https:\\\/\\\/simpo-data.com\\\/#website\"},\"primaryImageOfPage\":{\"@id\":\"https:\\\/\\\/simpo-data.com\\\/product\\\/g10-rugged-tablet\\\/#primaryimage\"},\"image\":{\"@id\":\"https:\\\/\\\/simpo-data.com\\\/product\\\/g10-rugged-tablet\\\/#primaryimage\"},\"thumbnailUrl\":\"https:\\\/\\\/simpo-data.com\\\/wp-content\\\/uploads\\\/2025\\\/06\\\/1.png\",\"datePublished\":\"2025-06-25T05:55:46+00:00\",\"dateModified\":\"2025-08-09T02:05:01+00:00\",\"description\":\"G10 Rugged Tablet - all-in-one POS terminals, touch screen monitors, thermal receipt printers, barcode scanners, cash drawers, and mobile POS devices\",\"breadcrumb\":{\"@id\":\"https:\\\/\\\/simpo-data.com\\\/product\\\/g10-rugged-tablet\\\/#breadcrumb\"},\"inLanguage\":\"it-IT\",\"potentialAction\":[{\"@type\":\"ReadAction\",\"target\":[\"https:\\\/\\\/simpo-data.com\\\/product\\\/g10-rugged-tablet\\\/\"]}]},{\"@type\":\"ImageObject\",\"inLanguage\":\"it-IT\",\"@id\":\"https:\\\/\\\/simpo-data.com\\\/product\\\/g10-rugged-tablet\\\/#primaryimage\",\"url\":\"https:\\\/\\\/simpo-data.com\\\/wp-content\\\/uploads\\\/2025\\\/06\\\/1.png\",\"contentUrl\":\"https:\\\/\\\/simpo-data.com\\\/wp-content\\\/uploads\\\/2025\\\/06\\\/1.png\",\"width\":500,\"height\":281,\"caption\":\"our rugged tablets are crafted to withstand the harshest industrial environments, providing mobile solutions that increase productivity, enhance safety, and reduce operational costs. supported by stylus, glove, and wet-touch modes. It also features an integrated IPS 700-nit screen for clear visibility and operational comfort, regardless of the weather or application.\"},{\"@type\":\"BreadcrumbList\",\"@id\":\"https:\\\/\\\/simpo-data.com\\\/product\\\/g10-rugged-tablet\\\/#breadcrumb\",\"itemListElement\":[{\"@type\":\"ListItem\",\"position\":1,\"name\":\"\u9996\u9875\",\"item\":\"https:\\\/\\\/simpo-data.com\\\/\"},{\"@type\":\"ListItem\",\"position\":2,\"name\":\"Products\",\"item\":\"https:\\\/\\\/simpo-data.com\\\/products\\\/\"},{\"@type\":\"ListItem\",\"position\":3,\"name\":\"G10 Rugged Tablet\"}]},{\"@type\":\"WebSite\",\"@id\":\"https:\\\/\\\/simpo-data.com\\\/#website\",\"url\":\"https:\\\/\\\/simpo-data.com\\\/\",\"name\":\"simpo-data.com\",\"description\":\"\",\"potentialAction\":[{\"@type\":\"SearchAction\",\"target\":{\"@type\":\"EntryPoint\",\"urlTemplate\":\"https:\\\/\\\/simpo-data.com\\\/?s={search_term_string}\"},\"query-input\":{\"@type\":\"PropertyValueSpecification\",\"valueRequired\":true,\"valueName\":\"search_term_string\"}}],\"inLanguage\":\"it-IT\"}]}<\/script>\n<!-- \/ Yoast SEO plugin. -->","yoast_head_json":{"title":"G10 Rugged Tablet - simpo-data.com","description":"G10 Rugged Tablet - all-in-one POS terminals, touch screen monitors, thermal receipt printers, barcode scanners, cash drawers, and mobile POS devices","robots":{"index":"index","follow":"follow","max-snippet":"max-snippet:-1","max-image-preview":"max-image-preview:large","max-video-preview":"max-video-preview:-1"},"canonical":"https:\/\/simpo-data.com\/it\/prodotto\/g10-rugged-tablet\/","og_locale":"it_IT","og_type":"article","og_title":"G10 Rugged Tablet - simpo-data.com","og_description":"G10 Rugged Tablet - all-in-one POS terminals, touch screen monitors, thermal receipt printers, barcode scanners, cash drawers, and mobile POS devices","og_url":"https:\/\/simpo-data.com\/it\/prodotto\/g10-rugged-tablet\/","og_site_name":"simpo-data.com","article_modified_time":"2025-08-09T02:05:01+00:00","og_image":[{"width":500,"height":281,"url":"https:\/\/simpo-data.com\/wp-content\/uploads\/2025\/06\/1.png","type":"image\/png"}],"twitter_card":"summary_large_image","twitter_misc":{"Tempo di lettura stimato":"3 minuti"},"schema":{"@context":"https:\/\/schema.org","@graph":[{"@type":"WebPage","@id":"https:\/\/simpo-data.com\/product\/g10-rugged-tablet\/","url":"https:\/\/simpo-data.com\/product\/g10-rugged-tablet\/","name":"G10 Rugged Tablet - simpo-data.com","isPartOf":{"@id":"https:\/\/simpo-data.com\/#website"},"primaryImageOfPage":{"@id":"https:\/\/simpo-data.com\/product\/g10-rugged-tablet\/#primaryimage"},"image":{"@id":"https:\/\/simpo-data.com\/product\/g10-rugged-tablet\/#primaryimage"},"thumbnailUrl":"https:\/\/simpo-data.com\/wp-content\/uploads\/2025\/06\/1.png","datePublished":"2025-06-25T05:55:46+00:00","dateModified":"2025-08-09T02:05:01+00:00","description":"G10 Rugged Tablet - all-in-one POS terminals, touch screen monitors, thermal receipt printers, barcode scanners, cash drawers, and mobile POS devices","breadcrumb":{"@id":"https:\/\/simpo-data.com\/product\/g10-rugged-tablet\/#breadcrumb"},"inLanguage":"it-IT","potentialAction":[{"@type":"ReadAction","target":["https:\/\/simpo-data.com\/product\/g10-rugged-tablet\/"]}]},{"@type":"ImageObject","inLanguage":"it-IT","@id":"https:\/\/simpo-data.com\/product\/g10-rugged-tablet\/#primaryimage","url":"https:\/\/simpo-data.com\/wp-content\/uploads\/2025\/06\/1.png","contentUrl":"https:\/\/simpo-data.com\/wp-content\/uploads\/2025\/06\/1.png","width":500,"height":281,"caption":"our rugged tablets are crafted to withstand the harshest industrial environments, providing mobile solutions that increase productivity, enhance safety, and reduce operational costs. supported by stylus, glove, and wet-touch modes. It also features an integrated IPS 700-nit screen for clear visibility and operational comfort, regardless of the weather or application."},{"@type":"BreadcrumbList","@id":"https:\/\/simpo-data.com\/product\/g10-rugged-tablet\/#breadcrumb","itemListElement":[{"@type":"ListItem","position":1,"name":"\u9996\u9875","item":"https:\/\/simpo-data.com\/"},{"@type":"ListItem","position":2,"name":"Products","item":"https:\/\/simpo-data.com\/products\/"},{"@type":"ListItem","position":3,"name":"G10 Rugged Tablet"}]},{"@type":"WebSite","@id":"https:\/\/simpo-data.com\/#website","url":"https:\/\/simpo-data.com\/","name":"simpo-data.com","description":"","potentialAction":[{"@type":"SearchAction","target":{"@type":"EntryPoint","urlTemplate":"https:\/\/simpo-data.com\/?s={search_term_string}"},"query-input":{"@type":"PropertyValueSpecification","valueRequired":true,"valueName":"search_term_string"}}],"inLanguage":"it-IT"}]}},"_links":{"self":[{"href":"https:\/\/simpo-data.com\/it\/wp-json\/wp\/v2\/product\/1306","targetHints":{"allow":["GET"]}}],"collection":[{"href":"https:\/\/simpo-data.com\/it\/wp-json\/wp\/v2\/product"}],"about":[{"href":"https:\/\/simpo-data.com\/it\/wp-json\/wp\/v2\/types\/product"}],"replies":[{"embeddable":true,"href":"https:\/\/simpo-data.com\/it\/wp-json\/wp\/v2\/comments?post=1306"}],"wp:featuredmedia":[{"embeddable":true,"href":"https:\/\/simpo-data.com\/it\/wp-json\/wp\/v2\/media\/1312"}],"wp:attachment":[{"href":"https:\/\/simpo-data.com\/it\/wp-json\/wp\/v2\/media?parent=1306"}],"wp:term":[{"taxonomy":"product_brand","embeddable":true,"href":"https:\/\/simpo-data.com\/it\/wp-json\/wp\/v2\/product_brand?post=1306"},{"taxonomy":"product_cat","embeddable":true,"href":"https:\/\/simpo-data.com\/it\/wp-json\/wp\/v2\/product_cat?post=1306"},{"taxonomy":"product_tag","embeddable":true,"href":"https:\/\/simpo-data.com\/it\/wp-json\/wp\/v2\/product_tag?post=1306"}],"curies":[{"name":"wp","href":"https:\/\/api.w.org\/{rel}","templated":true}]}}