{"id":704,"date":"2024-10-10T17:14:22","date_gmt":"2024-10-10T09:14:22","guid":{"rendered":"https:\/\/simpo-data.com\/?post_type=product&#038;p=704"},"modified":"2025-08-09T14:49:18","modified_gmt":"2025-08-09T06:49:18","slug":"p80-1-80mm-thermal-printer","status":"publish","type":"product","link":"https:\/\/simpo-data.com\/ja\/product\/p80-1-80mm-thermal-printer\/","title":{"rendered":"P80-1 80mm \u30b5\u30fc\u30de\u30eb\u30d7\u30ea\u30f3\u30bf\u30fc"},"content":{"rendered":"<table width=\"942\">\n<tbody>\n<tr>\n<td colspan=\"2\" width=\"358\">\u9805\u76ee<\/td>\n<td width=\"583\">\u30d1\u30e9\u30e1\u30fc\u30bf<\/td>\n<\/tr>\n<tr>\n<td rowspan=\"8\" width=\"140\">Print<\/td>\n<td width=\"218\">Print method<\/td>\n<td width=\"583\">Direct thermal line printing<\/td>\n<\/tr>\n<tr>\n<td width=\"218\">Print width<\/td>\n<td width=\"583\">64\/72mm<\/td>\n<\/tr>\n<tr>\n<td width=\"218\">Dot density<\/td>\n<td width=\"583\">512\/576dot\/line<\/td>\n<\/tr>\n<tr>\n<td width=\"218\">Print speed<\/td>\n<td width=\"583\">160mm\/s<\/td>\n<\/tr>\n<tr>\n<td width=\"218\">Memory<\/td>\n<td width=\"583\">Serial+USB: 8KB, Ethernet: 32KB,\u00a0 FLASH:60K Bytes<\/td>\n<\/tr>\n<tr>\n<td width=\"218\">Emulation<\/td>\n<td width=\"583\">ESC\/POS<\/td>\n<\/tr>\n<tr>\n<td width=\"218\">\u30a4\u30f3\u30bf\u30fc\u30d5\u30a7\u30fc\u30b9<\/td>\n<td width=\"583\">Serial+USB, Ethernet, Bluetooth, WiFi<\/td>\n<\/tr>\n<tr>\n<td width=\"218\">Line space<\/td>\n<td width=\"583\">3.75mm(can be adjustive)<\/td>\n<\/tr>\n<tr>\n<td rowspan=\"9\" width=\"140\">Barcode&amp; Font<\/td>\n<td rowspan=\"5\" width=\"218\">Code Page<\/td>\n<td width=\"583\">PC437\/Katakana\/PC850\/PC860\/PC863\/PC865\/West Europe\/<\/td>\n<\/tr>\n<tr>\n<td width=\"583\">Greek\/Hebrew\/East Europe\/Iran\/WPC1252\/PC866\/PC852\/<\/td>\n<\/tr>\n<tr>\n<td width=\"583\">PC858\/IranII\/Latvian\/Arabic\/PT151,1251\/PC737\/WPC\/<\/td>\n<\/tr>\n<tr>\n<td width=\"583\">1257\/Thai Vietnam\/PC864\/PC1001\/(Latvian)\/(PC1001)\/<\/td>\n<\/tr>\n<tr>\n<td width=\"583\">(PT151,1251)\/(WPC1257)\/(PC864)\/(Vietnam)\/(Thai)<\/td>\n<\/tr>\n<tr>\n<td rowspan=\"2\" width=\"218\">Barcode<\/td>\n<td width=\"583\">UPC-A\/UPC-E\/JAN13(EAN13)\/JAN8 (EAN8)\/CODABAR\/ITF\/CODE39\/<\/td>\n<\/tr>\n<tr>\n<td width=\"583\">CODABAR\/CODE93\/CODE128<\/td>\n<\/tr>\n<tr>\n<td width=\"218\">Font<\/td>\n<td width=\"583\">Font A(12\u00d724), Font B(9\u00d717), Kanji Font (24\u00d724\uff09<\/td>\n<\/tr>\n<tr>\n<td width=\"218\">Character per line<\/td>\n<td width=\"583\">48-font A\/64-fontB<\/td>\n<\/tr>\n<tr>\n<td rowspan=\"4\" width=\"140\">Paper<\/td>\n<td width=\"218\">Paper Supply Method<\/td>\n<td width=\"583\">Drop-in paper load<\/td>\n<\/tr>\n<tr>\n<td width=\"218\">Paper width<\/td>\n<td width=\"583\">Paper width: 79.5 \u00b10.5<\/td>\n<\/tr>\n<tr>\n<td width=\"218\">Paper thickness<\/td>\n<td width=\"583\">0.06~0.08mm<\/td>\n<\/tr>\n<tr>\n<td width=\"218\">Paper roll OD<\/td>\n<td width=\"583\">Max.83mm<\/td>\n<\/tr>\n<tr>\n<td rowspan=\"3\" width=\"140\">Power supply<\/td>\n<td width=\"218\">Input<\/td>\n<td width=\"583\">AC100~220V, 50~60Hz<\/td>\n<\/tr>\n<tr>\n<td width=\"218\">Output<\/td>\n<td width=\"583\">DC 24V\/2A<\/td>\n<\/tr>\n<tr>\n<td width=\"218\">Cashdrawer out<\/td>\n<td width=\"583\">DC 12V\/1A<\/td>\n<\/tr>\n<tr>\n<td rowspan=\"2\" width=\"140\">Reliability<\/td>\n<td width=\"218\">Print head lifetime<\/td>\n<td width=\"583\">100Km<\/td>\n<\/tr>\n<tr>\n<td width=\"218\">Cutter lifetime<\/td>\n<td width=\"583\">1,000,000 cuts(full cut, paper thickness: 0.07mm)<\/td>\n<\/tr>\n<tr>\n<td rowspan=\"2\" width=\"140\">Environment<\/td>\n<td width=\"218\">Operation condition<\/td>\n<td width=\"583\">Temperature:0 ~ 45\u2103\uff0c\u00a0Humidity:10 ~ 80%<\/td>\n<\/tr>\n<tr>\n<td width=\"218\">Storage condition<\/td>\n<td width=\"583\">Temperature:-10 ~ 60\u2103\u00a0\uff0cHumidity:10 ~ 90%<\/td>\n<\/tr>\n<tr>\n<td rowspan=\"2\" width=\"140\">Physics Spec.<\/td>\n<td width=\"218\">Dimensions<\/td>\n<td width=\"583\">195 X 140 X 148mm (LxWxH)<\/td>\n<\/tr>\n<tr>\n<td width=\"218\">Weight<\/td>\n<td width=\"583\">Approx.1.3Kg<\/td>\n<\/tr>\n<\/tbody>\n<\/table>\n<p>SIMPO-DATA\u306f\u3001\u5148\u9032\u7684\u306aPOS\uff08\u8ca9\u58f2\u6642\u70b9\u60c5\u5831\u7ba1\u7406\uff09\u30b7\u30b9\u30c6\u30e0\u306e\u7814\u7a76\u958b\u767a\u3001\u751f\u7523\u3001\u8ca9\u58f2\u3001\u30b5\u30fc\u30d3\u30b9\u3092\u5c02\u9580\u3068\u3059\u308b\u4e00\u6d41\u306e\u30cf\u30a4\u30c6\u30af\u30e1\u30fc\u30ab\u30fc\u3067\u3059\u300210\u5e74\u4ee5\u4e0a\u306b\u308f\u305f\u308b\u6df1\u3044\u696d\u754c\u7d4c\u9a13\u306b\u3088\u308a\u3001\u4fe1\u983c\u6027\u304c\u9ad8\u304f\u3001\u9769\u65b0\u7684\u3067\u9ad8\u6027\u80fd\u306aPOS\u30bd\u30ea\u30e5\u30fc\u30b7\u30e7\u30f3\u3092\u4e16\u754c\u4e2d\u306e\u304a\u5ba2\u69d8\u306b\u63d0\u4f9b\u3059\u308b\u3053\u3068\u3067\u78ba\u56fa\u305f\u308b\u8a55\u5224\u3092\u7bc9\u3044\u3066\u304d\u307e\u3057\u305f\u3002.<\/p>\n<p>\u79c1\u305f\u3061\u306f\u5275\u696d\u4ee5\u6765\u3001\u300c\u54c1\u8cea\u306f\u5e02\u5834\u3092\u5275\u9020\u3057\u3001\u9769\u65b0\u306f\u672a\u6765\u3092\u5275\u9020\u3059\u308b\u300d\u3068\u3044\u3046\u7d4c\u55b6\u7406\u5ff5\u3092\u5805\u6301\u3057\u3066\u304d\u307e\u3057\u305f\u3002\u3053\u306e\u30b3\u30df\u30c3\u30c8\u30e1\u30f3\u30c8\u304c\u3001\u30b0\u30ed\u30fc\u30d0\u30eb\u5e02\u5834\u306e\u591a\u69d8\u306a\u9700\u8981\u306b\u5fdc\u3048\u308b\u305f\u3081\u3001\u7d99\u7d9a\u7684\u306b\u88fd\u54c1\u3092\u6539\u5584\u3057\u3001\u63d0\u4f9b\u5546\u54c1\u3092\u62e1\u5927\u3059\u308b\u539f\u52d5\u529b\u3068\u306a\u3063\u3066\u3044\u307e\u3059\u3002\u5f53\u793e\u306e\u5305\u62ec\u7684\u306a\u88fd\u54c1\u30dd\u30fc\u30c8\u30d5\u30a9\u30ea\u30aa\u306f\u3001\u5c0f\u58f2\u3001\u30ec\u30b9\u30c8\u30e9\u30f3\u3001\u30b9\u30fc\u30d1\u30fc\u30de\u30fc\u30b1\u30c3\u30c8\u3001\u30db\u30b9\u30d4\u30bf\u30ea\u30c6\u30a3\u3001\u98df\u54c1\u30fb\u98f2\u6599\u3001\u7269\u6d41\u306a\u3069\u3001\u5e45\u5e83\u3044\u696d\u754c\u3092\u30ab\u30d0\u30fc\u3057\u3066\u3044\u307e\u3059\u3002\u4e2d\u5c0f\u4f01\u696d\u306e\u7d4c\u55b6\u8005\u3067\u3042\u308c\u3001\u5927\u898f\u6a21\u306a\u30c1\u30a7\u30fc\u30f3\u7d4c\u55b6\u306e\u7d4c\u55b6\u8005\u3067\u3042\u308c\u3001SIMPO-DATA\u306f\u304a\u5ba2\u69d8\u306b\u6700\u9069\u306aPOS\u30bd\u30ea\u30e5\u30fc\u30b7\u30e7\u30f3\u3092\u63d0\u4f9b\u3057\u307e\u3059\u3002.<\/p>\n<p>\u5e45\u5e83\u3044\u88fd\u54c1\u7fa4<br \/>\nOur POS product line includes all-in-one POS terminals, touch screen monitors, thermal receipt printers, barcode scanners, cash drawers, and mobile POS devices. We provide complete, integrated POS systems as well as individual components, allowing you to customize the solution that best fits your business model.In addition to P80-1 80mm Thermal printer\uff0c<a href=\"https:\/\/simpo-data.com\/ja\/products\/\" target=\"_blank\" rel=\"noopener\">\u4ed6\u306e\u5546\u54c1\u3092\u898b\u308b\u306b\u306f\u3053\u3053\u3092\u30af\u30ea\u30c3\u30af\u3057\u3066\u304f\u3060\u3055\u3044\u3002.<\/a><\/p>\n<p>\u6838\u3068\u306a\u308b\u30a4\u30ce\u30d9\u30fc\u30b7\u30e7\u30f3<br \/>\n\u5f53\u793e\u306e\u5c02\u9580\u7814\u7a76\u958b\u767a\u30c1\u30fc\u30e0\u306f\u3001\u30c7\u30b6\u30a4\u30f3\u3001\u6027\u80fd\u3001\u30e6\u30fc\u30b6\u30fc\u30a8\u30af\u30b9\u30da\u30ea\u30a8\u30f3\u30b9\u306b\u304a\u3051\u308b\u7d76\u3048\u9593\u306a\u3044\u9769\u65b0\u306b\u53d6\u308a\u7d44\u3093\u3067\u3044\u307e\u3059\u3002\u5e02\u5834\u306e\u30c8\u30ec\u30f3\u30c9\u3084\u6280\u8853\u306e\u9032\u6b69\u3092\u5148\u53d6\u308a\u3059\u308b\u3053\u3068\u3067\u3001SIMPO-DATA\u88fd\u54c1\u306e\u7af6\u4e89\u529b\u3068\u5c06\u6765\u6027\u3092\u78ba\u4fdd\u3057\u3066\u3044\u307e\u3059\u3002\u3059\u3079\u3066\u306e\u88fd\u54c1\u306f\u3001\u4eba\u9593\u5de5\u5b66\u306b\u57fa\u3065\u3044\u305f\u8a2d\u8a08\u3084\u76f4\u611f\u7684\u306a\u30a4\u30f3\u30bf\u30fc\u30d5\u30a7\u30fc\u30b9\u304b\u3089\u3001\u5b89\u5b9a\u3057\u305f\u30b7\u30b9\u30c6\u30e0\u6027\u80fd\u3084\u30a8\u30cd\u30eb\u30ae\u30fc\u52b9\u7387\u306b\u81f3\u308b\u307e\u3067\u3001\u7d30\u90e8\u306b\u7d30\u5fc3\u306e\u6ce8\u610f\u3092\u6255\u3063\u3066\u958b\u767a\u3055\u308c\u3066\u3044\u307e\u3059\u3002.<\/p>\n<p>\u4fe1\u983c\u3067\u304d\u308b\u54c1\u8cea<br \/>\n\u54c1\u8cea\u306f\u79c1\u305f\u3061\u306e\u6700\u512a\u5148\u4e8b\u9805\u3067\u3059\u3002\u539f\u6750\u6599\u306e\u9078\u629e\u304b\u3089\u6700\u7d42\u7684\u306a\u751f\u7523\u306b\u81f3\u308b\u307e\u3067\u3001\u3059\u3079\u3066\u306e\u6bb5\u968e\u3067\u53b3\u683c\u306a\u54c1\u8cea\u7ba1\u7406\u304c\u884c\u308f\u308c\u3066\u3044\u307e\u3059\u3002\u5f53\u793e\u306e\u88fd\u9020\u65bd\u8a2d\u306b\u306f\u3001\u5404\u88fd\u54c1\u304c\u56fd\u969b\u7684\u306a\u54c1\u8cea\u57fa\u6e96\u3092\u6e80\u305f\u3057\u3001\u9577\u671f\u306b\u308f\u305f\u3063\u3066\u6027\u80fd\u3092\u767a\u63ee\u3059\u308b\u3053\u3068\u3092\u4fdd\u8a3c\u3059\u308b\u305f\u3081\u306e\u9ad8\u5ea6\u306a\u8a66\u9a13\u88c5\u7f6e\u304c\u5099\u3048\u3089\u308c\u3066\u3044\u307e\u3059\u3002.<\/p>\n<p>\u30b0\u30ed\u30fc\u30d0\u30eb\u30b5\u30fc\u30d3\u30b9\uff06\u30b5\u30dd\u30fc\u30c8<br \/>\nSIMPO-DATA\u3067\u306f\u3001\u5358\u306b\u88fd\u54c1\u3092\u8ca9\u58f2\u3059\u308b\u3060\u3051\u3067\u306a\u304f\u3001\u30a8\u30f3\u30c9\u30c4\u30fc\u30a8\u30f3\u30c9\u306e\u30bd\u30ea\u30e5\u30fc\u30b7\u30e7\u30f3\u3068\u4fe1\u983c\u3067\u304d\u308b\u30a2\u30d5\u30bf\u30fc\u30b5\u30fc\u30d3\u30b9\u3092\u63d0\u4f9b\u3057\u3066\u3044\u307e\u3059\u3002\u7d4c\u9a13\u8c4a\u5bcc\u306a\u30a8\u30f3\u30b8\u30cb\u30a2\u3068\u30ab\u30b9\u30bf\u30de\u30fc\u30b5\u30fc\u30d3\u30b9\u30b9\u30da\u30b7\u30e3\u30ea\u30b9\u30c8\u3067\u69cb\u6210\u3055\u308c\u308b\u30c1\u30fc\u30e0\u304c\u3001\u8a2d\u7f6e\u3001\u30c8\u30ec\u30fc\u30cb\u30f3\u30b0\u3001\u30e1\u30f3\u30c6\u30ca\u30f3\u30b9\u3001\u30c6\u30af\u30cb\u30ab\u30eb\u30b5\u30dd\u30fc\u30c8\u3067\u304a\u5ba2\u69d8\u3092\u30b5\u30dd\u30fc\u30c8\u3044\u305f\u3057\u307e\u3059\u3002\u79c1\u305f\u3061\u306f\u3001\u30d1\u30fc\u30c8\u30ca\u30fc\u306e\u7686\u69d8\u304c\u52b9\u7387\u3092\u6700\u5927\u5316\u3057\u3001\u30b3\u30b9\u30c8\u3092\u524a\u6e1b\u3057\u3001\u9867\u5ba2\u6e80\u8db3\u5ea6\u3092\u9ad8\u3081\u308b\u304a\u624b\u4f1d\u3044\u3092\u3059\u308b\u3053\u3068\u3092\u76ee\u6307\u3057\u3066\u3044\u307e\u3059\u3002.<\/p>\n<p>SIMPO-DATA\u3092\u9078\u3076\u7406\u7531<\/p>\n<p>10\u5e74\u4ee5\u4e0a\u306b\u308f\u305f\u308bPOS\u696d\u754c\u306e\u5c02\u9580\u77e5\u8b58<\/p>\n<p>\u7d99\u7d9a\u7684\u306a\u30a4\u30ce\u30d9\u30fc\u30b7\u30e7\u30f3\u3092\u5b9f\u73fe\u3059\u308b\u5f37\u529b\u306a\u7814\u7a76\u958b\u767a\u529b<\/p>\n<p>\u8907\u6570\u306e\u696d\u754c\u3092\u30ab\u30d0\u30fc\u3059\u308b\u5305\u62ec\u7684\u306a\u88fd\u54c1\u7fa4<\/p>\n<p>\u53b3\u683c\u306a\u54c1\u8cea\u7ba1\u7406\u3068\u56fd\u969b\u898f\u683c\u3078\u306e\u6e96\u62e0<\/p>\n<p>\u30d7\u30ed\u30d5\u30a7\u30c3\u30b7\u30e7\u30ca\u30eb\u306a\u30b0\u30ed\u30fc\u30d0\u30eb\u30fb\u30bb\u30fc\u30eb\u30b9\uff06\u30c6\u30af\u30cb\u30ab\u30eb\u30fb\u30b5\u30dd\u30fc\u30c8\u30fb\u30c1\u30fc\u30e0<\/p>\n<p>SIMPO-DATA\u3068\u30d1\u30fc\u30c8\u30ca\u30fc\u30b7\u30c3\u30d7\u3092\u7d50\u3073\u3001\u5f53\u793e\u306ePOS\u30bd\u30ea\u30e5\u30fc\u30b7\u30e7\u30f3\u304c\u8cb4\u793e\u306e\u696d\u52d9\u3092\u5f37\u5316\u3057\u307e\u3059\u3002\u53d6\u5f15\u3092\u5408\u7406\u5316\u3057\u3001\u696d\u52d9\u52b9\u7387\u3092\u5411\u4e0a\u3055\u305b\u3001\u5353\u8d8a\u3057\u305f\u9867\u5ba2\u4f53\u9a13\u3092\u63d0\u4f9b\u3059\u308b\u304a\u624b\u4f1d\u3044\u3092\u3044\u305f\u3057\u307e\u3059\u3002.<\/p>","protected":false},"excerpt":{"rendered":"<p>80mm Thermal Printer<br \/>\nAuto-cutter type<br \/>\nPrint speed 160mm\/s<br \/>\n1,000,000 cuts Cutter lifetime<br \/>\nPrint head lifetime 100Km<\/p>","protected":false},"featured_media":705,"comment_status":"open","ping_status":"closed","template":"","meta":[],"product_brand":[],"product_cat":[176,17],"product_tag":[],"class_list":{"0":"post-704","1":"product","2":"type-product","3":"status-publish","4":"has-post-thumbnail","6":"product_cat-thermal-printer","7":"product_cat-uncategorized","9":"first","10":"instock","11":"shipping-taxable","12":"product-type-simple"},"yoast_head":"<!-- This site is optimized with the Yoast SEO plugin v27.4 - https:\/\/yoast.com\/product\/yoast-seo-wordpress\/ -->\n<title>P80-1 80mm Thermal printer - simpo-data.com<\/title>\n<meta name=\"description\" content=\"P80-1 80mm Thermal printer - all-in-one POS terminals, touch screen monitors, thermal receipt printers, barcode scanners, cash drawers\" \/>\n<meta name=\"robots\" content=\"index, follow, max-snippet:-1, max-image-preview:large, max-video-preview:-1\" \/>\n<link rel=\"canonical\" href=\"https:\/\/simpo-data.com\/ja\/produkt\/p80-1-80mm-thermal-printer\/\" \/>\n<meta property=\"og:locale\" content=\"ja_JP\" \/>\n<meta property=\"og:type\" content=\"article\" \/>\n<meta property=\"og:title\" content=\"P80-1 80mm Thermal printer - simpo-data.com\" \/>\n<meta property=\"og:description\" content=\"P80-1 80mm Thermal printer - all-in-one POS terminals, touch screen monitors, thermal receipt printers, barcode scanners, cash drawers\" \/>\n<meta property=\"og:url\" content=\"https:\/\/simpo-data.com\/ja\/produkt\/p80-1-80mm-thermal-printer\/\" \/>\n<meta property=\"og:site_name\" content=\"simpo-data.com\" \/>\n<meta property=\"article:modified_time\" content=\"2025-08-09T06:49:18+00:00\" \/>\n<meta property=\"og:image\" content=\"https:\/\/simpo-data.com\/wp-content\/uploads\/2024\/10\/1-500x500-11.jpg\" \/>\n\t<meta property=\"og:image:width\" content=\"500\" \/>\n\t<meta property=\"og:image:height\" content=\"500\" \/>\n\t<meta property=\"og:image:type\" content=\"image\/jpeg\" \/>\n<meta name=\"twitter:card\" content=\"summary_large_image\" \/>\n<meta name=\"twitter:label1\" content=\"Est. reading time\" \/>\n\t<meta name=\"twitter:data1\" content=\"3\u5206\" \/>\n<script type=\"application\/ld+json\" class=\"yoast-schema-graph\">{\"@context\":\"https:\\\/\\\/schema.org\",\"@graph\":[{\"@type\":\"WebPage\",\"@id\":\"https:\\\/\\\/simpo-data.com\\\/de\\\/produkt\\\/p80-1-80mm-thermal-printer\\\/\",\"url\":\"https:\\\/\\\/simpo-data.com\\\/de\\\/produkt\\\/p80-1-80mm-thermal-printer\\\/\",\"name\":\"P80-1 80mm Thermal printer - simpo-data.com\",\"isPartOf\":{\"@id\":\"https:\\\/\\\/simpo-data.com\\\/#website\"},\"primaryImageOfPage\":{\"@id\":\"https:\\\/\\\/simpo-data.com\\\/de\\\/produkt\\\/p80-1-80mm-thermal-printer\\\/#primaryimage\"},\"image\":{\"@id\":\"https:\\\/\\\/simpo-data.com\\\/de\\\/produkt\\\/p80-1-80mm-thermal-printer\\\/#primaryimage\"},\"thumbnailUrl\":\"https:\\\/\\\/simpo-data.com\\\/wp-content\\\/uploads\\\/2024\\\/10\\\/1-500x500-11.jpg\",\"datePublished\":\"2024-10-10T09:14:22+00:00\",\"dateModified\":\"2025-08-09T06:49:18+00:00\",\"description\":\"P80-1 80mm Thermal printer - all-in-one POS terminals, touch screen monitors, thermal receipt printers, barcode scanners, cash drawers\",\"breadcrumb\":{\"@id\":\"https:\\\/\\\/simpo-data.com\\\/de\\\/produkt\\\/p80-1-80mm-thermal-printer\\\/#breadcrumb\"},\"inLanguage\":\"ja\",\"potentialAction\":[{\"@type\":\"ReadAction\",\"target\":[\"https:\\\/\\\/simpo-data.com\\\/de\\\/produkt\\\/p80-1-80mm-thermal-printer\\\/\"]}]},{\"@type\":\"ImageObject\",\"inLanguage\":\"ja\",\"@id\":\"https:\\\/\\\/simpo-data.com\\\/de\\\/produkt\\\/p80-1-80mm-thermal-printer\\\/#primaryimage\",\"url\":\"https:\\\/\\\/simpo-data.com\\\/wp-content\\\/uploads\\\/2024\\\/10\\\/1-500x500-11.jpg\",\"contentUrl\":\"https:\\\/\\\/simpo-data.com\\\/wp-content\\\/uploads\\\/2024\\\/10\\\/1-500x500-11.jpg\",\"width\":500,\"height\":500,\"caption\":\"P80-1 80mm Thermal printer\"},{\"@type\":\"BreadcrumbList\",\"@id\":\"https:\\\/\\\/simpo-data.com\\\/de\\\/produkt\\\/p80-1-80mm-thermal-printer\\\/#breadcrumb\",\"itemListElement\":[{\"@type\":\"ListItem\",\"position\":1,\"name\":\"\u9996\u9875\",\"item\":\"https:\\\/\\\/simpo-data.com\\\/\"},{\"@type\":\"ListItem\",\"position\":2,\"name\":\"Products\",\"item\":\"https:\\\/\\\/simpo-data.com\\\/products\\\/\"},{\"@type\":\"ListItem\",\"position\":3,\"name\":\"P80-1 80mm Thermal printer\"}]},{\"@type\":\"WebSite\",\"@id\":\"https:\\\/\\\/simpo-data.com\\\/#website\",\"url\":\"https:\\\/\\\/simpo-data.com\\\/\",\"name\":\"simpo-data.com\",\"description\":\"\",\"potentialAction\":[{\"@type\":\"SearchAction\",\"target\":{\"@type\":\"EntryPoint\",\"urlTemplate\":\"https:\\\/\\\/simpo-data.com\\\/?s={search_term_string}\"},\"query-input\":{\"@type\":\"PropertyValueSpecification\",\"valueRequired\":true,\"valueName\":\"search_term_string\"}}],\"inLanguage\":\"ja\"}]}<\/script>\n<!-- \/ Yoast SEO plugin. -->","yoast_head_json":{"title":"P80-1 80mm Thermal printer - simpo-data.com","description":"P80-1 80mm Thermal printer - all-in-one POS terminals, touch screen monitors, thermal receipt printers, barcode scanners, cash drawers","robots":{"index":"index","follow":"follow","max-snippet":"max-snippet:-1","max-image-preview":"max-image-preview:large","max-video-preview":"max-video-preview:-1"},"canonical":"https:\/\/simpo-data.com\/ja\/produkt\/p80-1-80mm-thermal-printer\/","og_locale":"ja_JP","og_type":"article","og_title":"P80-1 80mm Thermal printer - simpo-data.com","og_description":"P80-1 80mm Thermal printer - all-in-one POS terminals, touch screen monitors, thermal receipt printers, barcode scanners, cash drawers","og_url":"https:\/\/simpo-data.com\/ja\/produkt\/p80-1-80mm-thermal-printer\/","og_site_name":"simpo-data.com","article_modified_time":"2025-08-09T06:49:18+00:00","og_image":[{"width":500,"height":500,"url":"https:\/\/simpo-data.com\/wp-content\/uploads\/2024\/10\/1-500x500-11.jpg","type":"image\/jpeg"}],"twitter_card":"summary_large_image","twitter_misc":{"Est. reading time":"3\u5206"},"schema":{"@context":"https:\/\/schema.org","@graph":[{"@type":"WebPage","@id":"https:\/\/simpo-data.com\/de\/produkt\/p80-1-80mm-thermal-printer\/","url":"https:\/\/simpo-data.com\/de\/produkt\/p80-1-80mm-thermal-printer\/","name":"P80-1 80mm Thermal printer - simpo-data.com","isPartOf":{"@id":"https:\/\/simpo-data.com\/#website"},"primaryImageOfPage":{"@id":"https:\/\/simpo-data.com\/de\/produkt\/p80-1-80mm-thermal-printer\/#primaryimage"},"image":{"@id":"https:\/\/simpo-data.com\/de\/produkt\/p80-1-80mm-thermal-printer\/#primaryimage"},"thumbnailUrl":"https:\/\/simpo-data.com\/wp-content\/uploads\/2024\/10\/1-500x500-11.jpg","datePublished":"2024-10-10T09:14:22+00:00","dateModified":"2025-08-09T06:49:18+00:00","description":"P80-1 80mm Thermal printer - all-in-one POS terminals, touch screen monitors, thermal receipt printers, barcode scanners, cash drawers","breadcrumb":{"@id":"https:\/\/simpo-data.com\/de\/produkt\/p80-1-80mm-thermal-printer\/#breadcrumb"},"inLanguage":"ja","potentialAction":[{"@type":"ReadAction","target":["https:\/\/simpo-data.com\/de\/produkt\/p80-1-80mm-thermal-printer\/"]}]},{"@type":"ImageObject","inLanguage":"ja","@id":"https:\/\/simpo-data.com\/de\/produkt\/p80-1-80mm-thermal-printer\/#primaryimage","url":"https:\/\/simpo-data.com\/wp-content\/uploads\/2024\/10\/1-500x500-11.jpg","contentUrl":"https:\/\/simpo-data.com\/wp-content\/uploads\/2024\/10\/1-500x500-11.jpg","width":500,"height":500,"caption":"P80-1 80mm Thermal printer"},{"@type":"BreadcrumbList","@id":"https:\/\/simpo-data.com\/de\/produkt\/p80-1-80mm-thermal-printer\/#breadcrumb","itemListElement":[{"@type":"ListItem","position":1,"name":"\u9996\u9875","item":"https:\/\/simpo-data.com\/"},{"@type":"ListItem","position":2,"name":"Products","item":"https:\/\/simpo-data.com\/products\/"},{"@type":"ListItem","position":3,"name":"P80-1 80mm Thermal printer"}]},{"@type":"WebSite","@id":"https:\/\/simpo-data.com\/#website","url":"https:\/\/simpo-data.com\/","name":"simpo-data.com","description":"","potentialAction":[{"@type":"SearchAction","target":{"@type":"EntryPoint","urlTemplate":"https:\/\/simpo-data.com\/?s={search_term_string}"},"query-input":{"@type":"PropertyValueSpecification","valueRequired":true,"valueName":"search_term_string"}}],"inLanguage":"ja"}]}},"_links":{"self":[{"href":"https:\/\/simpo-data.com\/ja\/wp-json\/wp\/v2\/product\/704","targetHints":{"allow":["GET"]}}],"collection":[{"href":"https:\/\/simpo-data.com\/ja\/wp-json\/wp\/v2\/product"}],"about":[{"href":"https:\/\/simpo-data.com\/ja\/wp-json\/wp\/v2\/types\/product"}],"replies":[{"embeddable":true,"href":"https:\/\/simpo-data.com\/ja\/wp-json\/wp\/v2\/comments?post=704"}],"wp:featuredmedia":[{"embeddable":true,"href":"https:\/\/simpo-data.com\/ja\/wp-json\/wp\/v2\/media\/705"}],"wp:attachment":[{"href":"https:\/\/simpo-data.com\/ja\/wp-json\/wp\/v2\/media?parent=704"}],"wp:term":[{"taxonomy":"product_brand","embeddable":true,"href":"https:\/\/simpo-data.com\/ja\/wp-json\/wp\/v2\/product_brand?post=704"},{"taxonomy":"product_cat","embeddable":true,"href":"https:\/\/simpo-data.com\/ja\/wp-json\/wp\/v2\/product_cat?post=704"},{"taxonomy":"product_tag","embeddable":true,"href":"https:\/\/simpo-data.com\/ja\/wp-json\/wp\/v2\/product_tag?post=704"}],"curies":[{"name":"wp","href":"https:\/\/api.w.org\/{rel}","templated":true}]}}