{"id":1319,"date":"2025-06-25T14:41:39","date_gmt":"2025-06-25T06:41:39","guid":{"rendered":"https:\/\/simpo-data.com\/?post_type=product&#038;p=1319"},"modified":"2025-08-09T10:03:08","modified_gmt":"2025-08-09T02:03:08","slug":"g80-rugged-tablet","status":"publish","type":"product","link":"https:\/\/simpo-data.com\/pt\/products\/pos-types\/all-in-one-pos\/g80-rugged-tablet\/","title":{"rendered":"Tablet robusto G80"},"content":{"rendered":"<table width=\"1040\">\n<tbody>\n<tr>\n<td colspan=\"3\" width=\"1040\">Modelo NO..: Tablet robusto G80<\/td>\n<\/tr>\n<tr>\n<td>Item<\/td>\n<td colspan=\"2\">Par\u00e2metros<\/td>\n<\/tr>\n<tr>\n<td width=\"354\">CPU<\/td>\n<td colspan=\"2\" width=\"686\">Intel JASPER LAKE N5100, 4 MB SmartCache, at\u00e9 2,8 GHz<\/td>\n<\/tr>\n<tr>\n<td width=\"354\">RAM<\/td>\n<td colspan=\"2\" width=\"686\">8G<\/td>\n<\/tr>\n<tr>\n<td width=\"354\">Disco r\u00edgido<\/td>\n<td colspan=\"2\" width=\"686\">SSD DE 128G<\/td>\n<\/tr>\n<tr>\n<td width=\"354\">Ecr\u00e3 de visualiza\u00e7\u00e3o<\/td>\n<td colspan=\"2\" width=\"686\">Ecr\u00e3 IPS de 8 polegadas, 16:10, 700cd\/\u33a1<\/td>\n<\/tr>\n<tr>\n<td width=\"354\">Resolu\u00e7\u00e3o<\/td>\n<td colspan=\"2\" width=\"686\">800*1280<\/td>\n<\/tr>\n<tr>\n<td width=\"354\">Ecr\u00e3 t\u00e1til<\/td>\n<td colspan=\"2\" width=\"686\">Ecr\u00e3 t\u00e1til capacitivo de 10 pontos, G+G, vidro gorila, dureza 7H<\/td>\n<\/tr>\n<tr>\n<td width=\"354\">C\u00e2mara (frontal)<\/td>\n<td colspan=\"2\" width=\"686\">5.0MP<\/td>\n<\/tr>\n<tr>\n<td width=\"354\">C\u00e2mara (traseira)<\/td>\n<td colspan=\"2\" width=\"686\">8.0MP<\/td>\n<\/tr>\n<tr>\n<td width=\"354\">G_sensor<\/td>\n<td colspan=\"2\" width=\"686\">Apoio<\/td>\n<\/tr>\n<tr>\n<td width=\"354\">Scanner<\/td>\n<td colspan=\"2\" width=\"686\">Scanner 2D da Zebra<\/td>\n<\/tr>\n<tr>\n<td width=\"354\">Bateria<\/td>\n<td colspan=\"2\" width=\"686\">Bateria de pol\u00edmero de i\u00f5es de l\u00edtio incorporada<\/td>\n<\/tr>\n<tr>\n<td width=\"354\">Capacidade da bateria<\/td>\n<td colspan=\"2\" width=\"686\">7,6V 5000mAh<\/td>\n<\/tr>\n<tr>\n<td width=\"354\">Resist\u00eancia da bateria<\/td>\n<td colspan=\"2\" width=\"686\">6 horas (o v\u00eddeo 1080P \u00e9 reproduzido com um brilho de 50% por defeito)<\/td>\n<\/tr>\n<tr>\n<td width=\"354\">Suporte do SO (N\u00c3O inclui o SO)<\/td>\n<td colspan=\"2\" width=\"686\">Windows 10\/11<\/td>\n<\/tr>\n<tr>\n<td colspan=\"3\">Liga\u00e7\u00f5es de rede<\/td>\n<\/tr>\n<tr>\n<td width=\"354\">Wi-Fi<\/td>\n<td colspan=\"2\" width=\"686\">802.11a\/b\/g\/n\/ac 2.4G+5G WiFi<\/td>\n<\/tr>\n<tr>\n<td width=\"354\">Bluetooth<\/td>\n<td colspan=\"2\" width=\"686\">Suporte, dist\u00e2ncia de transmiss\u00e3o: 10m<\/td>\n<\/tr>\n<tr>\n<td width=\"354\">4G<\/td>\n<td colspan=\"2\" width=\"686\">M\u00f3dulo TD-LTE<\/td>\n<\/tr>\n<tr>\n<td width=\"354\">GNSS<\/td>\n<td colspan=\"2\" width=\"686\">Suporte GPS, Glonass<\/td>\n<\/tr>\n<tr>\n<td colspan=\"3\">Configura\u00e7\u00e3o da interface<\/td>\n<\/tr>\n<tr>\n<td width=\"354\">Tomada para cart\u00e3o de mem\u00f3ria (mem\u00f3ria externa)<\/td>\n<td colspan=\"2\" width=\"686\">Ranhura para cart\u00e3o TF x1, at\u00e9 256 GB<\/td>\n<\/tr>\n<tr>\n<td width=\"354\">Interface USB<\/td>\n<td colspan=\"2\" width=\"686\">TYPE-C, Carregamento e transmiss\u00e3o de dados<\/td>\n<\/tr>\n<tr>\n<td width=\"354\">Interface USB<\/td>\n<td colspan=\"2\" width=\"686\">USB Tipo A 2.0<\/td>\n<\/tr>\n<tr>\n<td width=\"354\">Tomada do cart\u00e3o SIM<\/td>\n<td colspan=\"2\" width=\"686\">Ranhura para cart\u00e3o micro SIM x1<\/td>\n<\/tr>\n<tr>\n<td width=\"354\">Tomada para auscultadores<\/td>\n<td colspan=\"2\" width=\"686\">\u222e Tomada de auscultadores padr\u00e3o de 3,5 mm<\/td>\n<\/tr>\n<tr>\n<td width=\"354\">Conector DC1<\/td>\n<td colspan=\"2\" width=\"686\">Pino de pogo de 12 pinos<\/td>\n<\/tr>\n<tr>\n<td width=\"354\">HDMI<\/td>\n<td colspan=\"2\" width=\"686\">Mini HDMI 1.4a x1<\/td>\n<\/tr>\n<tr>\n<td width=\"354\">Ethernet<\/td>\n<td colspan=\"2\" width=\"686\">RJ45 x1, 10\/100M<\/td>\n<\/tr>\n<tr>\n<td colspan=\"3\">Outros<\/td>\n<\/tr>\n<tr>\n<td width=\"354\">Temperatura de funcionamento<\/td>\n<td colspan=\"2\" width=\"686\">- 10\u2103~50\u2103<\/td>\n<\/tr>\n<tr>\n<td width=\"354\">Temperatura de armazenamento<\/td>\n<td colspan=\"2\" width=\"686\">- 20\u2103~60\u2103<\/td>\n<\/tr>\n<tr>\n<td width=\"354\">Humidade<\/td>\n<td colspan=\"2\" width=\"686\">5%\uff5e95%RH<\/td>\n<\/tr>\n<tr>\n<td width=\"354\">\u00c0 prova de \u00e1gua<\/td>\n<td colspan=\"2\" width=\"686\">IP67<\/td>\n<\/tr>\n<tr>\n<td width=\"354\">Grau de prote\u00e7\u00e3o<\/td>\n<td colspan=\"2\" width=\"686\">MIL-STD-810G<\/td>\n<\/tr>\n<tr>\n<td width=\"354\">Teste de queda<\/td>\n<td colspan=\"2\" width=\"686\">Resist\u00eancia a quedas de 1,22 M, no pavimento de madeira laminada<\/td>\n<\/tr>\n<tr>\n<td>Fonte de alimenta\u00e7\u00e3o<\/td>\n<td colspan=\"2\">Descarga de contacto: \u00b15kV \u3001Descarga de ar: \u00b110kV<\/td>\n<\/tr>\n<tr>\n<td colspan=\"3\">Forma do produto<\/td>\n<\/tr>\n<tr>\n<td>N.W<\/td>\n<td colspan=\"2\" width=\"686\">900g<\/td>\n<\/tr>\n<tr>\n<td>G.W<\/td>\n<td colspan=\"2\" width=\"686\">2350g<\/td>\n<\/tr>\n<tr>\n<td>Dimens\u00f5es<\/td>\n<td colspan=\"2\" width=\"686\">236,5*156*23mm<\/td>\n<\/tr>\n<tr>\n<td>Tamanho da embalagem (caixa)<\/td>\n<td colspan=\"2\" width=\"686\">280*210*70mm*1 caixa<\/td>\n<\/tr>\n<\/tbody>\n<\/table>\n<p>A SIMPO-DATA \u00e9 um fabricante l\u00edder de alta tecnologia dedicado \u00e0 I&amp;D, produ\u00e7\u00e3o, vendas e servi\u00e7o de sistemas POS (Point of Sale) avan\u00e7ados. Com mais de uma d\u00e9cada de profunda experi\u00eancia no sector, constru\u00edmos uma s\u00f3lida reputa\u00e7\u00e3o de fornecer solu\u00e7\u00f5es POS fi\u00e1veis, inovadoras e de elevado desempenho a clientes de todo o mundo.<\/p>\n<p>Desde a nossa funda\u00e7\u00e3o, temos aderido \u00e0 filosofia empresarial de \"A qualidade cria o mercado, a inova\u00e7\u00e3o cria o futuro\". Este compromisso leva-nos a melhorar continuamente os nossos produtos e a expandir as nossas ofertas para satisfazer as diversas exig\u00eancias dos mercados globais. A nossa carteira de produtos abrangente cobre uma vasta gama de ind\u00fastrias, incluindo retalho, restaura\u00e7\u00e3o, supermercados, hotelaria, alimenta\u00e7\u00e3o e bebidas e log\u00edstica. Quer esteja a gerir um pequeno neg\u00f3cio ou uma grande cadeia de opera\u00e7\u00f5es, a SIMPO-DATA tem a solu\u00e7\u00e3o POS certa para si.<\/p>\n<p>Vasta gama de produtos<br \/>\nA nossa linha de produtos POS inclui terminais POS tudo-em-um, monitores de ecr\u00e3 t\u00e1til, impressoras t\u00e9rmicas de recibos, leitores de c\u00f3digos de barras, gavetas de dinheiro e dispositivos POS m\u00f3veis. Fornecemos sistemas POS completos e integrados, bem como componentes individuais, permitindo-lhe personalizar a solu\u00e7\u00e3o que melhor se adapta ao seu modelo de neg\u00f3cio.<a href=\"https:\/\/simpo-data.com\/pt\/products\/\" target=\"_blank\" rel=\"noopener\">Clique aqui para ver mais produtos.<\/a><\/p>\n<p>Inova\u00e7\u00e3o no centro<br \/>\nA nossa equipa profissional de I&amp;D est\u00e1 empenhada na inova\u00e7\u00e3o cont\u00ednua em termos de design, desempenho e experi\u00eancia do utilizador. Ao mantermo-nos \u00e0 frente das tend\u00eancias do mercado e dos avan\u00e7os tecnol\u00f3gicos, garantimos que os produtos SIMPO-DATA permanecem competitivos e preparados para o futuro. Cada produto \u00e9 desenvolvido com especial aten\u00e7\u00e3o aos detalhes - desde o design ergon\u00f3mico e as interfaces intuitivas at\u00e9 ao desempenho est\u00e1vel do sistema e \u00e0 efici\u00eancia energ\u00e9tica.<\/p>\n<p>Qualidade em que pode confiar<br \/>\nA qualidade \u00e9 a nossa principal prioridade. Desde a sele\u00e7\u00e3o das mat\u00e9rias-primas at\u00e9 \u00e0 produ\u00e7\u00e3o final, cada passo \u00e9 sujeito a rigorosos procedimentos de controlo de qualidade. As nossas instala\u00e7\u00f5es de fabrico est\u00e3o equipadas com equipamento de teste avan\u00e7ado para garantir que cada produto cumpre as normas de qualidade internacionais e proporciona um desempenho duradouro.<\/p>\n<p>Servi\u00e7o e suporte global<br \/>\nNa SIMPO-DATA, n\u00e3o nos limitamos a vender produtos - fornecemos solu\u00e7\u00f5es completas e um apoio p\u00f3s-venda fi\u00e1vel. A nossa equipa de engenheiros experientes e especialistas de servi\u00e7o ao cliente est\u00e1 pronta para o ajudar com a instala\u00e7\u00e3o, forma\u00e7\u00e3o, manuten\u00e7\u00e3o e apoio t\u00e9cnico. O nosso objetivo \u00e9 ajudar os nossos parceiros a maximizar a efici\u00eancia, reduzir os custos e aumentar a satisfa\u00e7\u00e3o do cliente.<\/p>\n<p>Porqu\u00ea escolher a SIMPO-DATA?<\/p>\n<p>Mais de 10 anos de experi\u00eancia dedicada ao sector dos POS<\/p>\n<p>Fortes capacidades de I&amp;D com inova\u00e7\u00e3o cont\u00ednua<\/p>\n<p>Gama abrangente de produtos que cobrem v\u00e1rios sectores<\/p>\n<p>Controlo de qualidade rigoroso e cumprimento das normas internacionais<\/p>\n<p>Equipa profissional de vendas e apoio t\u00e9cnico a n\u00edvel mundial<\/p>\n<p>Fa\u00e7a uma parceria com a SIMPO-DATA e deixe que as nossas solu\u00e7\u00f5es de POS potenciem as suas opera\u00e7\u00f5es comerciais. Juntos, podemos ajud\u00e1-lo a simplificar as transac\u00e7\u00f5es, melhorar a efici\u00eancia operacional e proporcionar experi\u00eancias excepcionais aos clientes.<\/p>","protected":false},"excerpt":{"rendered":"<p>Processador Intel Jasper Lake Celeron<br \/>\nEcr\u00e3 LCD HD de 10,1\u2033 com toque capacitivo<br \/>\nBateria amov\u00edvel de alta capacidade<br \/>\nC\u00f3digo de barras 2D opcional, RFID (HF\/UHF), cart\u00e3o de identifica\u00e7\u00e3o, m\u00f3dulo de impress\u00f5es digitais<br \/>\nCertifica\u00e7\u00e3o IP67 e MIL-STD-810<\/p>","protected":false},"featured_media":1312,"comment_status":"open","ping_status":"closed","template":"","meta":[],"product_brand":[],"product_cat":[183,174,175,180],"product_tag":[213,212,216,214,211,255,215],"class_list":{"0":"post-1319","1":"product","2":"type-product","3":"status-publish","4":"has-post-thumbnail","6":"product_cat-all-in-one-pos","7":"product_cat-pos-system","8":"product_cat-touch-monitor","9":"product_cat-windows-pos","10":"product_tag-easy-to-use-pos-systems","11":"product_tag-merchant-point-of-sale","12":"product_tag-merchant-services-payment-device","13":"product_tag-payment-systems","14":"product_tag-pos-for-retail","15":"product_tag-rugged-tablet","16":"product_tag-touch-screen-pos","18":"first","19":"instock","20":"shipping-taxable","21":"product-type-simple"},"yoast_head":"<!-- This site is optimized with the Yoast SEO plugin v25.6 - https:\/\/yoast.com\/wordpress\/plugins\/seo\/ -->\n<title>G80 Rugged Tablet - simpo-data.com<\/title>\n<meta name=\"description\" content=\"G80 Rugged Tablet - all-in-one POS terminals, touch screen monitors, thermal receipt printers, barcode scanners, cash drawers, and mobile POS devices\" \/>\n<meta name=\"robots\" content=\"index, follow, max-snippet:-1, max-image-preview:large, max-video-preview:-1\" \/>\n<link rel=\"canonical\" href=\"https:\/\/simpo-data.com\/pt\/products\/pos-types\/all-in-one-pos\/g80-rugged-tablet\/\" \/>\n<meta property=\"og:locale\" content=\"pt_PT\" \/>\n<meta property=\"og:type\" content=\"article\" \/>\n<meta property=\"og:title\" content=\"G80 Rugged Tablet - simpo-data.com\" \/>\n<meta property=\"og:description\" content=\"G80 Rugged Tablet - all-in-one POS terminals, touch screen monitors, thermal receipt printers, barcode scanners, cash drawers, and mobile POS devices\" \/>\n<meta property=\"og:url\" content=\"https:\/\/simpo-data.com\/pt\/products\/pos-types\/all-in-one-pos\/g80-rugged-tablet\/\" \/>\n<meta property=\"og:site_name\" content=\"simpo-data.com\" \/>\n<meta property=\"article:modified_time\" content=\"2025-08-09T02:03:08+00:00\" \/>\n<meta property=\"og:image\" content=\"https:\/\/simpo-data.com\/wp-content\/uploads\/2025\/06\/1.png\" \/>\n\t<meta property=\"og:image:width\" content=\"500\" \/>\n\t<meta property=\"og:image:height\" content=\"281\" \/>\n\t<meta property=\"og:image:type\" content=\"image\/png\" \/>\n<meta name=\"twitter:card\" content=\"summary_large_image\" \/>\n<meta name=\"twitter:label1\" content=\"Tempo estimado de leitura\" \/>\n\t<meta name=\"twitter:data1\" content=\"3 minutos\" \/>\n<script type=\"application\/ld+json\" class=\"yoast-schema-graph\">{\"@context\":\"https:\/\/schema.org\",\"@graph\":[{\"@type\":\"WebPage\",\"@id\":\"https:\/\/simpo-data.com\/ru\/products\/pos-types\/all-in-one-pos\/g80-rugged-tablet\/\",\"url\":\"https:\/\/simpo-data.com\/ru\/products\/pos-types\/all-in-one-pos\/g80-rugged-tablet\/\",\"name\":\"G80 Rugged Tablet - simpo-data.com\",\"isPartOf\":{\"@id\":\"https:\/\/simpo-data.com\/#website\"},\"primaryImageOfPage\":{\"@id\":\"https:\/\/simpo-data.com\/ru\/products\/pos-types\/all-in-one-pos\/g80-rugged-tablet\/#primaryimage\"},\"image\":{\"@id\":\"https:\/\/simpo-data.com\/ru\/products\/pos-types\/all-in-one-pos\/g80-rugged-tablet\/#primaryimage\"},\"thumbnailUrl\":\"https:\/\/simpo-data.com\/wp-content\/uploads\/2025\/06\/1.png\",\"datePublished\":\"2025-06-25T06:41:39+00:00\",\"dateModified\":\"2025-08-09T02:03:08+00:00\",\"description\":\"G80 Rugged Tablet - all-in-one POS terminals, touch screen monitors, thermal receipt printers, barcode scanners, cash drawers, and mobile POS devices\",\"breadcrumb\":{\"@id\":\"https:\/\/simpo-data.com\/ru\/products\/pos-types\/all-in-one-pos\/g80-rugged-tablet\/#breadcrumb\"},\"inLanguage\":\"pt-PT\",\"potentialAction\":[{\"@type\":\"ReadAction\",\"target\":[\"https:\/\/simpo-data.com\/ru\/products\/pos-types\/all-in-one-pos\/g80-rugged-tablet\/\"]}]},{\"@type\":\"ImageObject\",\"inLanguage\":\"pt-PT\",\"@id\":\"https:\/\/simpo-data.com\/ru\/products\/pos-types\/all-in-one-pos\/g80-rugged-tablet\/#primaryimage\",\"url\":\"https:\/\/simpo-data.com\/wp-content\/uploads\/2025\/06\/1.png\",\"contentUrl\":\"https:\/\/simpo-data.com\/wp-content\/uploads\/2025\/06\/1.png\",\"width\":500,\"height\":281,\"caption\":\"our rugged tablets are crafted to withstand the harshest industrial environments, providing mobile solutions that increase productivity, enhance safety, and reduce operational costs. supported by stylus, glove, and wet-touch modes. It also features an integrated IPS 700-nit screen for clear visibility and operational comfort, regardless of the weather or application.\"},{\"@type\":\"BreadcrumbList\",\"@id\":\"https:\/\/simpo-data.com\/ru\/products\/pos-types\/all-in-one-pos\/g80-rugged-tablet\/#breadcrumb\",\"itemListElement\":[{\"@type\":\"ListItem\",\"position\":1,\"name\":\"\u9996\u9875\",\"item\":\"https:\/\/simpo-data.com\/\"},{\"@type\":\"ListItem\",\"position\":2,\"name\":\"Products\",\"item\":\"https:\/\/simpo-data.com\/products\/\"},{\"@type\":\"ListItem\",\"position\":3,\"name\":\"G80 Rugged Tablet\"}]},{\"@type\":\"WebSite\",\"@id\":\"https:\/\/simpo-data.com\/#website\",\"url\":\"https:\/\/simpo-data.com\/\",\"name\":\"simpo-data.com\",\"description\":\"\",\"potentialAction\":[{\"@type\":\"SearchAction\",\"target\":{\"@type\":\"EntryPoint\",\"urlTemplate\":\"https:\/\/simpo-data.com\/?s={search_term_string}\"},\"query-input\":{\"@type\":\"PropertyValueSpecification\",\"valueRequired\":true,\"valueName\":\"search_term_string\"}}],\"inLanguage\":\"pt-PT\"}]}<\/script>\n<!-- \/ Yoast SEO plugin. -->","yoast_head_json":{"title":"G80 Rugged Tablet - simpo-data.com","description":"G80 Rugged Tablet - all-in-one POS terminals, touch screen monitors, thermal receipt printers, barcode scanners, cash drawers, and mobile POS devices","robots":{"index":"index","follow":"follow","max-snippet":"max-snippet:-1","max-image-preview":"max-image-preview:large","max-video-preview":"max-video-preview:-1"},"canonical":"https:\/\/simpo-data.com\/pt\/products\/pos-types\/all-in-one-pos\/g80-rugged-tablet\/","og_locale":"pt_PT","og_type":"article","og_title":"G80 Rugged Tablet - simpo-data.com","og_description":"G80 Rugged Tablet - all-in-one POS terminals, touch screen monitors, thermal receipt printers, barcode scanners, cash drawers, and mobile POS devices","og_url":"https:\/\/simpo-data.com\/pt\/products\/pos-types\/all-in-one-pos\/g80-rugged-tablet\/","og_site_name":"simpo-data.com","article_modified_time":"2025-08-09T02:03:08+00:00","og_image":[{"width":500,"height":281,"url":"https:\/\/simpo-data.com\/wp-content\/uploads\/2025\/06\/1.png","type":"image\/png"}],"twitter_card":"summary_large_image","twitter_misc":{"Tempo estimado de leitura":"3 minutos"},"schema":{"@context":"https:\/\/schema.org","@graph":[{"@type":"WebPage","@id":"https:\/\/simpo-data.com\/ru\/products\/pos-types\/all-in-one-pos\/g80-rugged-tablet\/","url":"https:\/\/simpo-data.com\/ru\/products\/pos-types\/all-in-one-pos\/g80-rugged-tablet\/","name":"G80 Rugged Tablet - simpo-data.com","isPartOf":{"@id":"https:\/\/simpo-data.com\/#website"},"primaryImageOfPage":{"@id":"https:\/\/simpo-data.com\/ru\/products\/pos-types\/all-in-one-pos\/g80-rugged-tablet\/#primaryimage"},"image":{"@id":"https:\/\/simpo-data.com\/ru\/products\/pos-types\/all-in-one-pos\/g80-rugged-tablet\/#primaryimage"},"thumbnailUrl":"https:\/\/simpo-data.com\/wp-content\/uploads\/2025\/06\/1.png","datePublished":"2025-06-25T06:41:39+00:00","dateModified":"2025-08-09T02:03:08+00:00","description":"G80 Rugged Tablet - all-in-one POS terminals, touch screen monitors, thermal receipt printers, barcode scanners, cash drawers, and mobile POS devices","breadcrumb":{"@id":"https:\/\/simpo-data.com\/ru\/products\/pos-types\/all-in-one-pos\/g80-rugged-tablet\/#breadcrumb"},"inLanguage":"pt-PT","potentialAction":[{"@type":"ReadAction","target":["https:\/\/simpo-data.com\/ru\/products\/pos-types\/all-in-one-pos\/g80-rugged-tablet\/"]}]},{"@type":"ImageObject","inLanguage":"pt-PT","@id":"https:\/\/simpo-data.com\/ru\/products\/pos-types\/all-in-one-pos\/g80-rugged-tablet\/#primaryimage","url":"https:\/\/simpo-data.com\/wp-content\/uploads\/2025\/06\/1.png","contentUrl":"https:\/\/simpo-data.com\/wp-content\/uploads\/2025\/06\/1.png","width":500,"height":281,"caption":"our rugged tablets are crafted to withstand the harshest industrial environments, providing mobile solutions that increase productivity, enhance safety, and reduce operational costs. supported by stylus, glove, and wet-touch modes. It also features an integrated IPS 700-nit screen for clear visibility and operational comfort, regardless of the weather or application."},{"@type":"BreadcrumbList","@id":"https:\/\/simpo-data.com\/ru\/products\/pos-types\/all-in-one-pos\/g80-rugged-tablet\/#breadcrumb","itemListElement":[{"@type":"ListItem","position":1,"name":"\u9996\u9875","item":"https:\/\/simpo-data.com\/"},{"@type":"ListItem","position":2,"name":"Products","item":"https:\/\/simpo-data.com\/products\/"},{"@type":"ListItem","position":3,"name":"G80 Rugged Tablet"}]},{"@type":"WebSite","@id":"https:\/\/simpo-data.com\/#website","url":"https:\/\/simpo-data.com\/","name":"simpo-data.com","description":"","potentialAction":[{"@type":"SearchAction","target":{"@type":"EntryPoint","urlTemplate":"https:\/\/simpo-data.com\/?s={search_term_string}"},"query-input":{"@type":"PropertyValueSpecification","valueRequired":true,"valueName":"search_term_string"}}],"inLanguage":"pt-PT"}]}},"_links":{"self":[{"href":"https:\/\/simpo-data.com\/pt\/wp-json\/wp\/v2\/product\/1319","targetHints":{"allow":["GET"]}}],"collection":[{"href":"https:\/\/simpo-data.com\/pt\/wp-json\/wp\/v2\/product"}],"about":[{"href":"https:\/\/simpo-data.com\/pt\/wp-json\/wp\/v2\/types\/product"}],"replies":[{"embeddable":true,"href":"https:\/\/simpo-data.com\/pt\/wp-json\/wp\/v2\/comments?post=1319"}],"wp:featuredmedia":[{"embeddable":true,"href":"https:\/\/simpo-data.com\/pt\/wp-json\/wp\/v2\/media\/1312"}],"wp:attachment":[{"href":"https:\/\/simpo-data.com\/pt\/wp-json\/wp\/v2\/media?parent=1319"}],"wp:term":[{"taxonomy":"product_brand","embeddable":true,"href":"https:\/\/simpo-data.com\/pt\/wp-json\/wp\/v2\/product_brand?post=1319"},{"taxonomy":"product_cat","embeddable":true,"href":"https:\/\/simpo-data.com\/pt\/wp-json\/wp\/v2\/product_cat?post=1319"},{"taxonomy":"product_tag","embeddable":true,"href":"https:\/\/simpo-data.com\/pt\/wp-json\/wp\/v2\/product_tag?post=1319"}],"curies":[{"name":"wp","href":"https:\/\/api.w.org\/{rel}","templated":true}]}}